{"id":15171,"date":"2016-05-05T12:52:05","date_gmt":"2016-05-05T10:52:05","guid":{"rendered":"https:\/\/bistrobadia.de\/impressum\/"},"modified":"2024-01-30T07:22:42","modified_gmt":"2024-01-30T06:22:42","slug":"imprimir","status":"publish","type":"page","link":"https:\/\/bistrobadia.de\/es\/imprimir\/","title":{"rendered":"Pie de imprenta"},"content":{"rendered":"<h1>Pie de imprenta<\/h1>\n<h2>Informaci\u00f3n seg\u00fan el art\u00edculo 5 de la TMG:<\/h2>\n<p>Rafik Halabi<br \/>\nBistro Badia<br \/>\nVolksgartenstr. 27<br \/>\n40227 D\u00fcsseldorf<\/p>\n<h2>Contacto:<\/h2>\n<p>Correo electr\u00f3nico: info@bistrobadia.de<\/p>\n<h2>Responsable del contenido seg\u00fan el art\u00edculo 55, apartado 2, del RStV:<\/h2>\n<p>Rafik Halabi<br \/>\nVolksgartenstr. 27<br \/>\n40227 D\u00fcsseldorf<\/p>\n<h2>Resoluci\u00f3n de litigios<\/h2>\n<p>La Comisi\u00f3n Europea ofrece una plataforma para la resoluci\u00f3n de conflictos en l\u00ednea (ODR):\u00a0<a href=\"https:\/\/ec.europa.eu\/consumers\/odr\" target=\"_blank\" rel=\"noopener noreferrer\">https:\/\/ec.europa.eu\/consumers\/odr.<\/a><br \/>\nPuede encontrar nuestra direcci\u00f3n de correo electr\u00f3nico en el pie de imprenta de arriba.<\/p>\n<p>No estamos dispuestos ni obligados a participar en un procedimiento de resoluci\u00f3n de conflictos ante una junta de arbitraje de consumo.<\/p>\n<h3>Responsabilidad por el contenido<\/h3>\n<p>Como proveedor de servicios, somos responsables de nuestros propios contenidos en estas p\u00e1ginas de acuerdo con la legislaci\u00f3n general seg\u00fan el art\u00edculo 7 (1) de la Ley de Telemedia alemana (TMG). Sin embargo, de acuerdo con los art\u00edculos 8 a 10 de la TMG, no estamos obligados, como proveedores de servicios, a controlar la informaci\u00f3n de terceros transmitida o almacenada, ni a investigar las circunstancias que indiquen una actividad ilegal.<\/p>\n<p>Las obligaciones de eliminar o bloquear el uso de la informaci\u00f3n de acuerdo con las leyes generales no se ven afectadas por esto. Sin embargo, la responsabilidad a este respecto s\u00f3lo es posible a partir del momento en que se tiene conocimiento de una infracci\u00f3n concreta. Si tenemos conocimiento de las correspondientes infracciones, eliminaremos estos contenidos inmediatamente.<\/p>\n<h3>Responsabilidad de los enlaces<\/h3>\n<p>Nuestra oferta contiene enlaces a p\u00e1ginas web externas de terceros, sobre cuyos contenidos no tenemos ninguna influencia. Por lo tanto, no podemos asumir ninguna responsabilidad por estos contenidos externos. El proveedor u operador de las p\u00e1ginas es siempre responsable del contenido de las p\u00e1ginas enlazadas. Las p\u00e1ginas enlazadas fueron revisadas para detectar posibles infracciones legales en el momento de enlazarlas. Los contenidos ilegales no eran reconocibles en el momento del enlace.<\/p>\n<p>Sin embargo, un control permanente de los contenidos de las p\u00e1ginas enlazadas no es razonable sin pruebas concretas de una violaci\u00f3n de la ley. Si tenemos conocimiento de alguna infracci\u00f3n de la ley, eliminaremos dichos enlaces inmediatamente.<\/p>\n<h3>Copyright<\/h3>\n<p>El contenido y las obras creadas por los operadores del sitio en estas p\u00e1ginas est\u00e1n sujetos a la legislaci\u00f3n alemana sobre derechos de autor. La duplicaci\u00f3n, el procesamiento, la distribuci\u00f3n y cualquier tipo de explotaci\u00f3n fuera de los l\u00edmites de la ley de derechos de autor requieren el consentimiento por escrito del respectivo autor o creador. Las descargas y copias de este sitio s\u00f3lo se permiten para uso privado y no comercial.<\/p>\n<p>En la medida en que el contenido de esta p\u00e1gina no ha sido creado por el operador, se respetan los derechos de autor de terceros. En particular, los contenidos de terceros se identifican como tales. No obstante, si tiene conocimiento de una infracci\u00f3n de los derechos de autor, le rogamos que nos informe al respecto. Si tenemos conocimiento de alguna infracci\u00f3n, eliminaremos dicho contenido inmediatamente.<\/p>\n<h1>Aviso del sitio<\/h1>\n<h2>Informaci\u00f3n facilitada de acuerdo con el art. 5 de la Ley alemana de medios de comunicaci\u00f3n (TMG):<\/h2>\n<p>Rafik Halabi<br \/>\nBistro Badia<br \/>\nVolksgartenstr. 27<br \/>\n40227 D\u00fcsseldorf<\/p>\n<h2>Contacto:<\/h2>\n<p>Correo electr\u00f3nico: info@bistrobadia.de<\/p>\n<h2>Responsable de los contenidos seg\u00fan el art. 55, p\u00e1rr. 2 del Acuerdo Federal de Radiodifusi\u00f3n (RstV):<\/h2>\n<p>Rafik Halabi<br \/>\nVolksgartenstr. 27<br \/>\n40227 D\u00fcsseldorf<\/p>\n<h2>Resoluci\u00f3n de litigios<\/h2>\n<p>La Comisi\u00f3n Europea ofrece una plataforma de resoluci\u00f3n de litigios en l\u00ednea (OS):\u00a0<a href=\"https:\/\/ec.europa.eu\/consumers\/odr\" target=\"_blank\" rel=\"noopener noreferrer\">https:\/\/ec.europa.eu\/consumers\/odr.<\/a><br \/>\nEncontrar\u00e1 nuestro correo electr\u00f3nico en el aviso legal\/impreso.<\/p>\n<p>No participamos en la resoluci\u00f3n de conflictos en l\u00ednea en las juntas de arbitraje de consumo.<\/p>\n<h3>Responsabilidad por el contenido<\/h3>\n<p>Como proveedores de servicios, somos responsables de los contenidos propios de estas p\u00e1ginas web, de acuerdo con el art. 7, p\u00e1rrafo 1 de la Ley alemana de medios de comunicaci\u00f3n (TMG). Sin embargo, seg\u00fan los art\u00edculos 8 a 10 de la Ley de Medios de Comunicaci\u00f3n de Alemania (TMG), los proveedores de servicios no est\u00e1n obligados a controlar permanentemente la informaci\u00f3n enviada o almacenada ni a buscar pruebas que indiquen actividades ilegales.<\/p>\n<p>Las obligaciones legales de eliminar informaci\u00f3n o bloquear su uso siguen siendo incuestionables. En este caso, la responsabilidad s\u00f3lo es posible en el momento en que se tiene conocimiento de una violaci\u00f3n concreta de la ley. Los contenidos ilegales ser\u00e1n eliminados inmediatamente en el momento en que tengamos conocimiento de ellos.<\/p>\n<h3>Responsabilidad de los enlaces<\/h3>\n<p>Nuestra oferta incluye enlaces a sitios web externos de terceros. No tenemos ninguna influencia en los contenidos de esas p\u00e1ginas web, por lo que no podemos garantizar esos contenidos. Los proveedores o administradores de los sitios web enlazados son siempre responsables de sus propios contenidos.<\/p>\n<p>Las p\u00e1ginas web enlazadas hab\u00edan sido revisadas para detectar posibles violaciones de la ley en el momento de establecer el enlace. No se detectaron contenidos ilegales en el momento de la vinculaci\u00f3n. No se puede imponer un control permanente de los contenidos de las p\u00e1ginas web enlazadas sin que existan indicios razonables de que se ha producido una violaci\u00f3n de la ley. Los enlaces ilegales se eliminar\u00e1n inmediatamente en el momento en que tengamos conocimiento de ellos.<\/p>\n<h3>Copyright<\/h3>\n<p>Los contenidos y recopilaciones publicados en estos sitios web por los proveedores est\u00e1n sujetos a la legislaci\u00f3n alemana sobre derechos de autor. La reproducci\u00f3n, edici\u00f3n y distribuci\u00f3n, as\u00ed como el uso de cualquier tipo fuera del \u00e1mbito de la ley de derechos de autor, requieren una autorizaci\u00f3n por escrito del autor o creador. Las descargas y copias de estos sitios web est\u00e1n permitidas \u00fanicamente para uso privado.<br \/>\nQueda prohibido el uso comercial de nuestros contenidos sin el permiso del autor.<\/p>\n<p>Se respetan las leyes de derechos de autor de terceros siempre que los contenidos de estos sitios web no procedan del proveedor. Las contribuciones de terceros en este sitio se indican como tales. No obstante, si observa alguna infracci\u00f3n de la ley de derechos de autor, le rogamos que nos lo comunique. Estos contenidos ser\u00e1n eliminados inmediatamente.<\/p>\n","protected":false},"excerpt":{"rendered":"<p>Pie de imprenta Informaci\u00f3n seg\u00fan el art\u00edculo 5 de la TMG: Rafik Halabi Bistro Badia Volksgartenstr. 27 40227 D\u00fcsseldorf Contacto: Correo electr\u00f3nico: info@bistrobadia.de Responsable del contenido seg\u00fan el art\u00edculo 55, apartado 2, del RStV: Rafik Halabi Volksgartenstr. 27 40227 D\u00fcsseldorf Resoluci\u00f3n de litigios La Comisi\u00f3n Europea ofrece una plataforma para la resoluci\u00f3n de conflictos en&#8230;<\/p>\n","protected":false},"author":1,"featured_media":0,"parent":0,"menu_order":0,"comment_status":"closed","ping_status":"closed","template":"","meta":{"inline_featured_image":false,"wprm-recipe-roundup-name":"","wprm-recipe-roundup-description":"","_kad_blocks_custom_css":"","_kad_blocks_head_custom_js":"","_kad_blocks_body_custom_js":"","_kad_blocks_footer_custom_js":"","_kad_post_transparent":"","_kad_post_title":"","_kad_post_layout":"","_kad_post_sidebar_id":"","_kad_post_content_style":"","_kad_post_vertical_padding":"","_kad_post_feature":"","_kad_post_feature_position":"","_kad_post_header":false,"_kad_post_footer":false,"_kad_post_classname":"","footnotes":""},"class_list":["post-15171","page","type-page","status-publish","hentry"],"yoast_head":"<!-- This site is optimized with the Yoast SEO Premium plugin v27.3 (Yoast SEO v27.3) - https:\/\/yoast.com\/product\/yoast-seo-premium-wordpress\/ -->\n<title>Aviso legal | Bistro Badia<\/title>\n<meta name=\"robots\" content=\"noindex, nofollow\" \/>\n<meta property=\"og:locale\" content=\"es_ES\" \/>\n<meta property=\"og:type\" content=\"article\" \/>\n<meta property=\"og:title\" content=\"Pie de imprenta\" \/>\n<meta property=\"og:description\" content=\"Pie de imprenta Informaci\u00f3n seg\u00fan el art\u00edculo 5 de la TMG: Rafik Halabi Bistro Badia Volksgartenstr. 27 40227 D\u00fcsseldorf Contacto: Correo electr\u00f3nico: info@bistrobadia.de Responsable del contenido seg\u00fan el art\u00edculo 55, apartado 2, del RStV: Rafik Halabi Volksgartenstr. 27 40227 D\u00fcsseldorf Resoluci\u00f3n de litigios La Comisi\u00f3n Europea ofrece una plataforma para la resoluci\u00f3n de conflictos en...\" \/>\n<meta property=\"og:url\" content=\"https:\/\/bistrobadia.de\/es\/imprimir\/\" \/>\n<meta property=\"og:site_name\" content=\"Bistro Badia\" \/>\n<meta property=\"article:publisher\" content=\"https:\/\/www.facebook.com\/bistrobadia\" \/>\n<meta property=\"article:modified_time\" content=\"2024-01-30T06:22:42+00:00\" \/>\n<meta name=\"twitter:card\" content=\"summary_large_image\" \/>\n<meta name=\"twitter:label1\" content=\"Tiempo de lectura\" \/>\n\t<meta name=\"twitter:data1\" content=\"6 minutos\" \/>\n<script type=\"application\/ld+json\" class=\"yoast-schema-graph\">{\"@context\":\"https:\\\/\\\/schema.org\",\"@graph\":[{\"@type\":\"WebPage\",\"@id\":\"https:\\\/\\\/bistrobadia.de\\\/es\\\/imprimir\\\/\",\"url\":\"https:\\\/\\\/bistrobadia.de\\\/es\\\/imprimir\\\/\",\"name\":\"Aviso legal | Bistro Badia\",\"isPartOf\":{\"@id\":\"https:\\\/\\\/bistrobadia.de\\\/es\\\/#website\"},\"datePublished\":\"2016-05-05T10:52:05+00:00\",\"dateModified\":\"2024-01-30T06:22:42+00:00\",\"breadcrumb\":{\"@id\":\"https:\\\/\\\/bistrobadia.de\\\/es\\\/imprimir\\\/#breadcrumb\"},\"inLanguage\":\"es\",\"potentialAction\":[{\"@type\":\"ReadAction\",\"target\":[\"https:\\\/\\\/bistrobadia.de\\\/es\\\/imprimir\\\/\"]}]},{\"@type\":\"BreadcrumbList\",\"@id\":\"https:\\\/\\\/bistrobadia.de\\\/es\\\/imprimir\\\/#breadcrumb\",\"itemListElement\":[{\"@type\":\"ListItem\",\"position\":1,\"name\":\"Inicio\",\"item\":\"https:\\\/\\\/bistrobadia.de\\\/es\\\/\"},{\"@type\":\"ListItem\",\"position\":2,\"name\":\"Pie de imprenta\"}]},{\"@type\":\"WebSite\",\"@id\":\"https:\\\/\\\/bistrobadia.de\\\/es\\\/#website\",\"url\":\"https:\\\/\\\/bistrobadia.de\\\/es\\\/\",\"name\":\"Bistro Badia\",\"description\":\"Rezepte aus dem Libanon und der Levante\",\"publisher\":{\"@id\":\"https:\\\/\\\/bistrobadia.de\\\/es\\\/#organization\"},\"potentialAction\":[{\"@type\":\"SearchAction\",\"target\":{\"@type\":\"EntryPoint\",\"urlTemplate\":\"https:\\\/\\\/bistrobadia.de\\\/es\\\/?s={search_term_string}\"},\"query-input\":{\"@type\":\"PropertyValueSpecification\",\"valueRequired\":true,\"valueName\":\"search_term_string\"}}],\"inLanguage\":\"es\"},{\"@type\":\"Organization\",\"@id\":\"https:\\\/\\\/bistrobadia.de\\\/es\\\/#organization\",\"name\":\"Bistro Badia\",\"url\":\"https:\\\/\\\/bistrobadia.de\\\/es\\\/\",\"logo\":{\"@type\":\"ImageObject\",\"inLanguage\":\"es\",\"@id\":\"https:\\\/\\\/bistrobadia.de\\\/es\\\/#\\\/schema\\\/logo\\\/image\\\/\",\"url\":\"https:\\\/\\\/bistrobadia.de\\\/wp-content\\\/uploads\\\/2016\\\/06\\\/kleines-logo-gr\u00fcn.jpg\",\"contentUrl\":\"https:\\\/\\\/bistrobadia.de\\\/wp-content\\\/uploads\\\/2016\\\/06\\\/kleines-logo-gr\u00fcn.jpg\",\"width\":2048,\"height\":1448,\"caption\":\"Bistro Badia\"},\"image\":{\"@id\":\"https:\\\/\\\/bistrobadia.de\\\/es\\\/#\\\/schema\\\/logo\\\/image\\\/\"},\"sameAs\":[\"https:\\\/\\\/www.facebook.com\\\/bistrobadia\",\"https:\\\/\\\/www.instagram.com\\\/bistrobadia.de\\\/\",\"https:\\\/\\\/www.pinterest.de\\\/bistrobadia\\\/\"]}]}<\/script>\n<!-- \/ Yoast SEO Premium plugin. -->","yoast_head_json":{"title":"Aviso legal | Bistro Badia","robots":{"index":"noindex","follow":"nofollow"},"og_locale":"es_ES","og_type":"article","og_title":"Pie de imprenta","og_description":"Pie de imprenta Informaci\u00f3n seg\u00fan el art\u00edculo 5 de la TMG: Rafik Halabi Bistro Badia Volksgartenstr. 27 40227 D\u00fcsseldorf Contacto: Correo electr\u00f3nico: info@bistrobadia.de Responsable del contenido seg\u00fan el art\u00edculo 55, apartado 2, del RStV: Rafik Halabi Volksgartenstr. 27 40227 D\u00fcsseldorf Resoluci\u00f3n de litigios La Comisi\u00f3n Europea ofrece una plataforma para la resoluci\u00f3n de conflictos en...","og_url":"https:\/\/bistrobadia.de\/es\/imprimir\/","og_site_name":"Bistro Badia","article_publisher":"https:\/\/www.facebook.com\/bistrobadia","article_modified_time":"2024-01-30T06:22:42+00:00","twitter_card":"summary_large_image","twitter_misc":{"Tiempo de lectura":"6 minutos"},"schema":{"@context":"https:\/\/schema.org","@graph":[{"@type":"WebPage","@id":"https:\/\/bistrobadia.de\/es\/imprimir\/","url":"https:\/\/bistrobadia.de\/es\/imprimir\/","name":"Aviso legal | Bistro Badia","isPartOf":{"@id":"https:\/\/bistrobadia.de\/es\/#website"},"datePublished":"2016-05-05T10:52:05+00:00","dateModified":"2024-01-30T06:22:42+00:00","breadcrumb":{"@id":"https:\/\/bistrobadia.de\/es\/imprimir\/#breadcrumb"},"inLanguage":"es","potentialAction":[{"@type":"ReadAction","target":["https:\/\/bistrobadia.de\/es\/imprimir\/"]}]},{"@type":"BreadcrumbList","@id":"https:\/\/bistrobadia.de\/es\/imprimir\/#breadcrumb","itemListElement":[{"@type":"ListItem","position":1,"name":"Inicio","item":"https:\/\/bistrobadia.de\/es\/"},{"@type":"ListItem","position":2,"name":"Pie de imprenta"}]},{"@type":"WebSite","@id":"https:\/\/bistrobadia.de\/es\/#website","url":"https:\/\/bistrobadia.de\/es\/","name":"Bistro Badia","description":"Rezepte aus dem Libanon und der Levante","publisher":{"@id":"https:\/\/bistrobadia.de\/es\/#organization"},"potentialAction":[{"@type":"SearchAction","target":{"@type":"EntryPoint","urlTemplate":"https:\/\/bistrobadia.de\/es\/?s={search_term_string}"},"query-input":{"@type":"PropertyValueSpecification","valueRequired":true,"valueName":"search_term_string"}}],"inLanguage":"es"},{"@type":"Organization","@id":"https:\/\/bistrobadia.de\/es\/#organization","name":"Bistro Badia","url":"https:\/\/bistrobadia.de\/es\/","logo":{"@type":"ImageObject","inLanguage":"es","@id":"https:\/\/bistrobadia.de\/es\/#\/schema\/logo\/image\/","url":"https:\/\/bistrobadia.de\/wp-content\/uploads\/2016\/06\/kleines-logo-gr\u00fcn.jpg","contentUrl":"https:\/\/bistrobadia.de\/wp-content\/uploads\/2016\/06\/kleines-logo-gr\u00fcn.jpg","width":2048,"height":1448,"caption":"Bistro Badia"},"image":{"@id":"https:\/\/bistrobadia.de\/es\/#\/schema\/logo\/image\/"},"sameAs":["https:\/\/www.facebook.com\/bistrobadia","https:\/\/www.instagram.com\/bistrobadia.de\/","https:\/\/www.pinterest.de\/bistrobadia\/"]}]}},"taxonomy_info":[],"featured_image_src_large":false,"author_info":{"display_name":"Rafik Halabi","author_link":"https:\/\/bistrobadia.de\/es\/author\/rafik\/"},"comment_info":0,"_links":{"self":[{"href":"https:\/\/bistrobadia.de\/es\/wp-json\/wp\/v2\/pages\/15171","targetHints":{"allow":["GET"]}}],"collection":[{"href":"https:\/\/bistrobadia.de\/es\/wp-json\/wp\/v2\/pages"}],"about":[{"href":"https:\/\/bistrobadia.de\/es\/wp-json\/wp\/v2\/types\/page"}],"author":[{"embeddable":true,"href":"https:\/\/bistrobadia.de\/es\/wp-json\/wp\/v2\/users\/1"}],"replies":[{"embeddable":true,"href":"https:\/\/bistrobadia.de\/es\/wp-json\/wp\/v2\/comments?post=15171"}],"version-history":[{"count":0,"href":"https:\/\/bistrobadia.de\/es\/wp-json\/wp\/v2\/pages\/15171\/revisions"}],"wp:attachment":[{"href":"https:\/\/bistrobadia.de\/es\/wp-json\/wp\/v2\/media?parent=15171"}],"curies":[{"name":"wp","href":"https:\/\/api.w.org\/{rel}","templated":true}]}}