{"id":15314,"date":"2020-02-25T15:09:14","date_gmt":"2020-02-25T14:09:14","guid":{"rendered":"https:\/\/bistrobadia.de\/kooperation\/"},"modified":"2024-01-19T14:06:28","modified_gmt":"2024-01-19T13:06:28","slug":"cooperaci%c3%b3n","status":"publish","type":"page","link":"https:\/\/bistrobadia.de\/es\/cooperaci%c3%b3n\/","title":{"rendered":"cooperaci\u00f3n"},"content":{"rendered":"<h2>Una buena historia se queda en la mente y llega al coraz\u00f3n.<\/h2>\n<p>Trabaja conmigo. Tengo mucho que ofrecer.<\/p>\n<p>En el verano de 2019, pens\u00e9 \u00abes ahora o nunca\u00bb y vaci\u00e9 mi escritorio en la agencia de publicidad, lleno de empuje y ganas de algo nuevo. Guard\u00e9 cuidadosamente todos los mimbres y suculentas de mi escritorio en una caja de cart\u00f3n y sal\u00ed para seguir mi camino.<\/p>\n<p>Y as\u00ed es como naci\u00f3 mi peque\u00f1a empresa unipersonal\u00a0<strong>\u00ab<a href=\"http:\/\/www.storymade.de\/\" target=\"_blank\" rel=\"noopener noreferrer\">Storymade<\/a><\/strong>\u00a0\u00ab. Desde entonces, s\u00f3lo he hecho lo que me arde el coraz\u00f3n. Y, por supuesto, mi blog\u00a0<strong>Bistro Badia<\/strong>\u00a0est\u00e1 en el primer puesto de la lista.<\/p>\n<h2>Mi oferta<\/h2>\n<p>Contar historias es el n\u00facleo de mi trabajo a todos los niveles. Una buena historia se queda en tu cabeza y te llega al coraz\u00f3n al mismo tiempo. Su grupo objetivo no compra su producto, sino su historia.<\/p>\n<h3>Marca blanca: Contenido s\u00f3lo para sus canales y p\u00e1ginas<\/h3>\n<p>\u00bfNecesitas fotos y textos para tus canales? Estar\u00e9 encantada de crear para usted fotos y textos profesionales con el aspecto de su marca. No se produce una integraci\u00f3n en mi blog.<\/p>\n<ul>\n<li><strong>Concepto<\/strong><\/li>\n<li><strong>Fotograf\u00eda profesional de marca blanca (alimentos)\u00a0<\/strong><\/li>\n<li><strong>Elaboraci\u00f3n de recetas de marca blanca<\/strong><\/li>\n<li><strong>Textos para sus propios canales<\/strong><\/li>\n<\/ul>\n<h3>Publicidad nativa: Su marca en el contexto de Bistro Badia<\/h3>\n<p>La cocina levantina est\u00e1 de moda desde Ottolenghi a m\u00e1s tardar. Adem\u00e1s, la dieta mediterr\u00e1nea es una de las m\u00e1s saludables. El Bistro Badia est\u00e1 a punto de convertirse en el lugar de referencia de la cocina levantina en los pa\u00edses de habla alemana. \u00bfLe gustar\u00eda presentar su marca en este contexto en Bistro Badia? Entonces hablemos de una cooperaci\u00f3n.<\/p>\n<p>Aqu\u00ed, sin embargo, su marca tiene que encajar en mi blog y estilo y convencerme al 100%.<\/p>\n<ul>\n<li><strong>Fotograf\u00eda profesional de alimentos<\/strong><\/li>\n<li><strong>Inserci\u00f3n nativa de su producto en mis publicaciones en el blog y en las redes sociales.<\/strong><\/li>\n<li><strong>Cuando ardo por una causa, ardo por ella. Conv\u00e9nzame y me convertir\u00e9 en su embajador de marca.<\/strong><\/li>\n<\/ul>\n<h3>Medios de comunicaci\u00f3n social: Me hago cargo<\/h3>\n<p>Estar\u00e9 encantado de apoyarle en la implementaci\u00f3n conceptual y operativa de sus canales de medios sociales. Desde la idea y la estrategia hasta la planificaci\u00f3n editorial y la publicaci\u00f3n de tus posts, puedes dejar todo en mis manos. Me aseguro de que su comunidad se sienta c\u00f3moda.<\/p>\n<ul>\n<li><strong>Concepto y estrategia<\/strong><\/li>\n<li><strong>Creaci\u00f3n de contenidos<\/strong><\/li>\n<li><strong>Planificaci\u00f3n editorial<\/strong><\/li>\n<\/ul>\n<p><a role=\"button\" href=\"https:\/\/bistrobadia.de\/es\/contactar-con\/\" target=\"_blank\" rel=\"noopener noreferrer\"><br \/>\nContacta conmigo.<br \/>\n<\/a><\/p>\n<p>Tambi\u00e9n puede encontrar m\u00e1s informaci\u00f3n y referencias en\u00a0<strong><a href=\"http:\/\/www.storymade.de\/\" target=\"_blank\" rel=\"noopener noreferrer\">storymade.de<\/a><\/strong><\/p>\n","protected":false},"excerpt":{"rendered":"<p>Una buena historia se queda en la mente y llega al coraz\u00f3n. Trabaja conmigo. Tengo mucho que ofrecer. En el verano de 2019, pens\u00e9 \u00abes ahora o nunca\u00bb y vaci\u00e9 mi escritorio en la agencia de publicidad, lleno de empuje y ganas de algo nuevo. Guard\u00e9 cuidadosamente todos los mimbres y suculentas de mi escritorio&#8230;<\/p>\n","protected":false},"author":1,"featured_media":0,"parent":0,"menu_order":0,"comment_status":"closed","ping_status":"closed","template":"","meta":{"inline_featured_image":false,"wprm-recipe-roundup-name":"","wprm-recipe-roundup-description":"","_kad_blocks_custom_css":"","_kad_blocks_head_custom_js":"","_kad_blocks_body_custom_js":"","_kad_blocks_footer_custom_js":"","_kad_post_transparent":"","_kad_post_title":"","_kad_post_layout":"","_kad_post_sidebar_id":"","_kad_post_content_style":"","_kad_post_vertical_padding":"","_kad_post_feature":"","_kad_post_feature_position":"","_kad_post_header":false,"_kad_post_footer":false,"_kad_post_classname":"","footnotes":""},"class_list":["post-15314","page","type-page","status-publish","hentry"],"yoast_head":"<!-- This site is optimized with the Yoast SEO Premium plugin v27.3 (Yoast SEO v27.3) - https:\/\/yoast.com\/product\/yoast-seo-premium-wordpress\/ -->\n<title>Marketing de contenidos y redes sociales realizado por Bistro Badia<\/title>\n<meta name=\"description\" content=\"Bistro Badia no es s\u00f3lo un blog de comida, sino tambi\u00e9n su socio en contenidos, fotograf\u00eda de alimentos y marketing en redes sociales.\" \/>\n<meta name=\"robots\" content=\"noindex, nofollow\" \/>\n<meta property=\"og:locale\" content=\"es_ES\" \/>\n<meta property=\"og:type\" content=\"article\" \/>\n<meta property=\"og:title\" content=\"cooperaci\u00f3n\" \/>\n<meta property=\"og:description\" content=\"Bistro Badia no es s\u00f3lo un blog de comida, sino tambi\u00e9n su socio en contenidos, fotograf\u00eda de alimentos y marketing en redes sociales.\" \/>\n<meta property=\"og:url\" content=\"https:\/\/bistrobadia.de\/es\/cooperaci%c3%b3n\/\" \/>\n<meta property=\"og:site_name\" content=\"Bistro Badia\" \/>\n<meta property=\"article:publisher\" content=\"https:\/\/www.facebook.com\/bistrobadia\" \/>\n<meta property=\"article:modified_time\" content=\"2024-01-19T13:06:28+00:00\" \/>\n<meta name=\"twitter:card\" content=\"summary_large_image\" \/>\n<meta name=\"twitter:label1\" content=\"Tiempo de lectura\" \/>\n\t<meta name=\"twitter:data1\" content=\"3 minutos\" \/>\n<script type=\"application\/ld+json\" class=\"yoast-schema-graph\">{\"@context\":\"https:\\\/\\\/schema.org\",\"@graph\":[{\"@type\":\"WebPage\",\"@id\":\"https:\\\/\\\/bistrobadia.de\\\/es\\\/cooperaci%c3%b3n\\\/\",\"url\":\"https:\\\/\\\/bistrobadia.de\\\/es\\\/cooperaci%c3%b3n\\\/\",\"name\":\"Marketing de contenidos y redes sociales realizado por Bistro Badia\",\"isPartOf\":{\"@id\":\"https:\\\/\\\/bistrobadia.de\\\/es\\\/#website\"},\"datePublished\":\"2020-02-25T14:09:14+00:00\",\"dateModified\":\"2024-01-19T13:06:28+00:00\",\"description\":\"Bistro Badia no es s\u00f3lo un blog de comida, sino tambi\u00e9n su socio en contenidos, fotograf\u00eda de alimentos y marketing en redes sociales.\",\"breadcrumb\":{\"@id\":\"https:\\\/\\\/bistrobadia.de\\\/es\\\/cooperaci%c3%b3n\\\/#breadcrumb\"},\"inLanguage\":\"es\",\"potentialAction\":[{\"@type\":\"ReadAction\",\"target\":[\"https:\\\/\\\/bistrobadia.de\\\/es\\\/cooperaci%c3%b3n\\\/\"]}]},{\"@type\":\"BreadcrumbList\",\"@id\":\"https:\\\/\\\/bistrobadia.de\\\/es\\\/cooperaci%c3%b3n\\\/#breadcrumb\",\"itemListElement\":[{\"@type\":\"ListItem\",\"position\":1,\"name\":\"Inicio\",\"item\":\"https:\\\/\\\/bistrobadia.de\\\/es\\\/\"},{\"@type\":\"ListItem\",\"position\":2,\"name\":\"cooperaci\u00f3n\"}]},{\"@type\":\"WebSite\",\"@id\":\"https:\\\/\\\/bistrobadia.de\\\/es\\\/#website\",\"url\":\"https:\\\/\\\/bistrobadia.de\\\/es\\\/\",\"name\":\"Bistro Badia\",\"description\":\"Rezepte aus dem Libanon und der Levante\",\"publisher\":{\"@id\":\"https:\\\/\\\/bistrobadia.de\\\/es\\\/#organization\"},\"potentialAction\":[{\"@type\":\"SearchAction\",\"target\":{\"@type\":\"EntryPoint\",\"urlTemplate\":\"https:\\\/\\\/bistrobadia.de\\\/es\\\/?s={search_term_string}\"},\"query-input\":{\"@type\":\"PropertyValueSpecification\",\"valueRequired\":true,\"valueName\":\"search_term_string\"}}],\"inLanguage\":\"es\"},{\"@type\":\"Organization\",\"@id\":\"https:\\\/\\\/bistrobadia.de\\\/es\\\/#organization\",\"name\":\"Bistro Badia\",\"url\":\"https:\\\/\\\/bistrobadia.de\\\/es\\\/\",\"logo\":{\"@type\":\"ImageObject\",\"inLanguage\":\"es\",\"@id\":\"https:\\\/\\\/bistrobadia.de\\\/es\\\/#\\\/schema\\\/logo\\\/image\\\/\",\"url\":\"https:\\\/\\\/bistrobadia.de\\\/wp-content\\\/uploads\\\/2016\\\/06\\\/kleines-logo-gr\u00fcn.jpg\",\"contentUrl\":\"https:\\\/\\\/bistrobadia.de\\\/wp-content\\\/uploads\\\/2016\\\/06\\\/kleines-logo-gr\u00fcn.jpg\",\"width\":2048,\"height\":1448,\"caption\":\"Bistro Badia\"},\"image\":{\"@id\":\"https:\\\/\\\/bistrobadia.de\\\/es\\\/#\\\/schema\\\/logo\\\/image\\\/\"},\"sameAs\":[\"https:\\\/\\\/www.facebook.com\\\/bistrobadia\",\"https:\\\/\\\/www.instagram.com\\\/bistrobadia.de\\\/\",\"https:\\\/\\\/www.pinterest.de\\\/bistrobadia\\\/\"]}]}<\/script>\n<!-- \/ Yoast SEO Premium plugin. -->","yoast_head_json":{"title":"Marketing de contenidos y redes sociales realizado por Bistro Badia","description":"Bistro Badia no es s\u00f3lo un blog de comida, sino tambi\u00e9n su socio en contenidos, fotograf\u00eda de alimentos y marketing en redes sociales.","robots":{"index":"noindex","follow":"nofollow"},"og_locale":"es_ES","og_type":"article","og_title":"cooperaci\u00f3n","og_description":"Bistro Badia no es s\u00f3lo un blog de comida, sino tambi\u00e9n su socio en contenidos, fotograf\u00eda de alimentos y marketing en redes sociales.","og_url":"https:\/\/bistrobadia.de\/es\/cooperaci%c3%b3n\/","og_site_name":"Bistro Badia","article_publisher":"https:\/\/www.facebook.com\/bistrobadia","article_modified_time":"2024-01-19T13:06:28+00:00","twitter_card":"summary_large_image","twitter_misc":{"Tiempo de lectura":"3 minutos"},"schema":{"@context":"https:\/\/schema.org","@graph":[{"@type":"WebPage","@id":"https:\/\/bistrobadia.de\/es\/cooperaci%c3%b3n\/","url":"https:\/\/bistrobadia.de\/es\/cooperaci%c3%b3n\/","name":"Marketing de contenidos y redes sociales realizado por Bistro Badia","isPartOf":{"@id":"https:\/\/bistrobadia.de\/es\/#website"},"datePublished":"2020-02-25T14:09:14+00:00","dateModified":"2024-01-19T13:06:28+00:00","description":"Bistro Badia no es s\u00f3lo un blog de comida, sino tambi\u00e9n su socio en contenidos, fotograf\u00eda de alimentos y marketing en redes sociales.","breadcrumb":{"@id":"https:\/\/bistrobadia.de\/es\/cooperaci%c3%b3n\/#breadcrumb"},"inLanguage":"es","potentialAction":[{"@type":"ReadAction","target":["https:\/\/bistrobadia.de\/es\/cooperaci%c3%b3n\/"]}]},{"@type":"BreadcrumbList","@id":"https:\/\/bistrobadia.de\/es\/cooperaci%c3%b3n\/#breadcrumb","itemListElement":[{"@type":"ListItem","position":1,"name":"Inicio","item":"https:\/\/bistrobadia.de\/es\/"},{"@type":"ListItem","position":2,"name":"cooperaci\u00f3n"}]},{"@type":"WebSite","@id":"https:\/\/bistrobadia.de\/es\/#website","url":"https:\/\/bistrobadia.de\/es\/","name":"Bistro Badia","description":"Rezepte aus dem Libanon und der Levante","publisher":{"@id":"https:\/\/bistrobadia.de\/es\/#organization"},"potentialAction":[{"@type":"SearchAction","target":{"@type":"EntryPoint","urlTemplate":"https:\/\/bistrobadia.de\/es\/?s={search_term_string}"},"query-input":{"@type":"PropertyValueSpecification","valueRequired":true,"valueName":"search_term_string"}}],"inLanguage":"es"},{"@type":"Organization","@id":"https:\/\/bistrobadia.de\/es\/#organization","name":"Bistro Badia","url":"https:\/\/bistrobadia.de\/es\/","logo":{"@type":"ImageObject","inLanguage":"es","@id":"https:\/\/bistrobadia.de\/es\/#\/schema\/logo\/image\/","url":"https:\/\/bistrobadia.de\/wp-content\/uploads\/2016\/06\/kleines-logo-gr\u00fcn.jpg","contentUrl":"https:\/\/bistrobadia.de\/wp-content\/uploads\/2016\/06\/kleines-logo-gr\u00fcn.jpg","width":2048,"height":1448,"caption":"Bistro Badia"},"image":{"@id":"https:\/\/bistrobadia.de\/es\/#\/schema\/logo\/image\/"},"sameAs":["https:\/\/www.facebook.com\/bistrobadia","https:\/\/www.instagram.com\/bistrobadia.de\/","https:\/\/www.pinterest.de\/bistrobadia\/"]}]}},"taxonomy_info":[],"featured_image_src_large":false,"author_info":{"display_name":"Rafik Halabi","author_link":"https:\/\/bistrobadia.de\/es\/author\/rafik\/"},"comment_info":0,"_links":{"self":[{"href":"https:\/\/bistrobadia.de\/es\/wp-json\/wp\/v2\/pages\/15314","targetHints":{"allow":["GET"]}}],"collection":[{"href":"https:\/\/bistrobadia.de\/es\/wp-json\/wp\/v2\/pages"}],"about":[{"href":"https:\/\/bistrobadia.de\/es\/wp-json\/wp\/v2\/types\/page"}],"author":[{"embeddable":true,"href":"https:\/\/bistrobadia.de\/es\/wp-json\/wp\/v2\/users\/1"}],"replies":[{"embeddable":true,"href":"https:\/\/bistrobadia.de\/es\/wp-json\/wp\/v2\/comments?post=15314"}],"version-history":[{"count":0,"href":"https:\/\/bistrobadia.de\/es\/wp-json\/wp\/v2\/pages\/15314\/revisions"}],"wp:attachment":[{"href":"https:\/\/bistrobadia.de\/es\/wp-json\/wp\/v2\/media?parent=15314"}],"curies":[{"name":"wp","href":"https:\/\/api.w.org\/{rel}","templated":true}]}}