{"id":15169,"date":"2016-05-05T12:52:05","date_gmt":"2016-05-05T10:52:05","guid":{"rendered":"https:\/\/bistrobadia.de\/impressum\/"},"modified":"2025-01-03T11:32:21","modified_gmt":"2025-01-03T10:32:21","slug":"mentions-l%c3%a9gales","status":"publish","type":"page","link":"https:\/\/bistrobadia.de\/fr\/mentions-l%c3%a9gales\/","title":{"rendered":"Mentions l\u00e9gales"},"content":{"rendered":"\n<h1 class=\"wp-block-heading\" id=\"h-mentions-legales\">Mentions l\u00e9gales<\/h1>\n\n\n\n<p>\u00a0&lt;a href=\u00a0\u00bb#\u00a0\u00bb onclick=\u00a0\u00bbwindow._sp_.gdpr.loadPrivacyManagerModal(1234493)\u00a0\u00bb>Param\u00e8tres de confidentialit\u00e9&lt;\/a><\/p>\n\n\n\n<h2 class=\"wp-block-heading\" id=\"h-informations-selon-5-tmg\">Informations selon \u00a7 5 TMG :<\/h2>\n\n\n\n<p>Rafik Halabi<br>Bistro Badia<br>Volksgartenstr. 27<br>40227 D\u00fcsseldorf<\/p>\n\n\n\n<h2 class=\"wp-block-heading\" id=\"h-contact\">Contact :<\/h2>\n\n\n\n<p>Courrier \u00e9lectronique : info@bistrobadia.de<\/p>\n\n\n\n<h2 class=\"wp-block-heading\" id=\"h-responsable-du-contenu-selon-le-55-abs-2-rstv\">Responsable du contenu selon le \u00a7 55 Abs. 2 RStV :<\/h2>\n\n\n\n<p>Rafik Halabi<br>Volksgartenstr. 27<br>40227 D\u00fcsseldorf<\/p>\n\n\n\n<h2 class=\"wp-block-heading\" id=\"h-reglement-des-litiges\">R\u00e8glement des litiges<\/h2>\n\n\n\n<p>La Commission europ\u00e9enne met \u00e0 disposition une plateforme de r\u00e8glement en ligne des litiges (RLL)&nbsp;<a href=\"https:\/\/ec.europa.eu\/consumers\/odr\" target=\"_blank\" rel=\"noopener noreferrer\">: https:\/\/ec.europa.eu\/consumers\/odr.<\/a><br>Vous trouverez notre adresse e-mail en haut de la page des mentions l\u00e9gales.<\/p>\n\n\n\n<p>Nous ne sommes pas pr\u00eats ou oblig\u00e9s de participer \u00e0 des proc\u00e9dures de r\u00e8glement des litiges devant un organisme de conciliation des consommateurs.<\/p>\n\n\n\n<h3 class=\"wp-block-heading\" id=\"h-responsabilite-du-contenu\">Responsabilit\u00e9 du contenu<\/h3>\n\n\n\n<p>En tant que prestataire de services, nous sommes responsables, conform\u00e9ment au \u00a7 7 alin\u00e9a 1 de la loi allemande sur les t\u00e9l\u00e9m\u00e9dias (TMG), de nos propres contenus sur ces pages selon les lois g\u00e9n\u00e9rales. Selon les \u00a7\u00a7 8 \u00e0 10 de la TMG, nous ne sommes toutefois pas tenus, en tant que prestataire de services, de surveiller les informations externes transmises ou enregistr\u00e9es ou de rechercher les circonstances qui indiquent une activit\u00e9 ill\u00e9gale.<\/p>\n\n\n\n<p>Les obligations de supprimer ou de bloquer l&rsquo;utilisation d&rsquo;informations conform\u00e9ment aux lois g\u00e9n\u00e9rales restent inchang\u00e9es. Une responsabilit\u00e9 \u00e0 cet \u00e9gard n&rsquo;est toutefois possible qu&rsquo;\u00e0 partir du moment o\u00f9 une violation concr\u00e8te de la loi est connue. D\u00e8s la prise de connaissance d&rsquo;une telle violation de la loi, nous supprimerons imm\u00e9diatement ces contenus.<\/p>\n\n\n\n<h3 class=\"wp-block-heading\" id=\"h-responsabilite-pour-les-liens\">Responsabilit\u00e9 pour les liens<\/h3>\n\n\n\n<p>Notre offre contient des liens vers des sites web externes de tiers, sur le contenu desquels nous n&rsquo;avons aucune influence. C&rsquo;est pourquoi nous ne pouvons pas non plus nous porter garants de ces contenus externes. Le fournisseur ou l&rsquo;exploitant des pages li\u00e9es est toujours responsable des contenus de ces pages. Les pages li\u00e9es ont \u00e9t\u00e9 contr\u00f4l\u00e9es au moment de la cr\u00e9ation du lien afin de v\u00e9rifier qu&rsquo;elles ne pr\u00e9sentaient pas d&rsquo;infraction \u00e0 la loi. Aucun contenu ill\u00e9gal n&rsquo;a \u00e9t\u00e9 identifi\u00e9 au moment de la cr\u00e9ation des liens.<\/p>\n\n\n\n<p>Un contr\u00f4le permanent du contenu des pages li\u00e9es n&rsquo;est toutefois pas exigible sans indices concrets d&rsquo;une violation de la loi. D\u00e8s que nous aurons connaissance d&rsquo;une violation de la loi, nous supprimerons imm\u00e9diatement les liens concern\u00e9s.<\/p>\n\n\n\n<h3 class=\"wp-block-heading\" id=\"h-droit-d-auteur\">Droit d&rsquo;auteur<\/h3>\n\n\n\n<p>Les contenus et les \u0153uvres cr\u00e9\u00e9s par les exploitants de ces pages sont soumis au droit d&rsquo;auteur allemand. La reproduction, le traitement, la diffusion et toute forme d&rsquo;exploitation en dehors des limites du droit d&rsquo;auteur requi\u00e8rent l&rsquo;accord \u00e9crit de l&rsquo;auteur ou du cr\u00e9ateur concern\u00e9. Les t\u00e9l\u00e9chargements et les copies de ce site ne sont autoris\u00e9s que pour un usage priv\u00e9 et non commercial.<\/p>\n\n\n\n<p>Dans la mesure o\u00f9 les contenus de ce site n&rsquo;ont pas \u00e9t\u00e9 cr\u00e9\u00e9s par l&rsquo;exploitant, les droits d&rsquo;auteur de tiers sont respect\u00e9s. Les contenus de tiers sont notamment identifi\u00e9s comme tels. Si vous deviez n\u00e9anmoins constater une violation des droits d&rsquo;auteur, nous vous prions de nous en informer. D\u00e8s la prise de connaissance d&rsquo;une violation de la loi, nous supprimerons imm\u00e9diatement les contenus concern\u00e9s.<\/p>\n\n\n\n<h1 class=\"wp-block-heading\" id=\"h-avis-de-site\">Avis de site<\/h1>\n\n\n\n<h2 class=\"wp-block-heading\" id=\"h-informations-fournies-conformement-a-la-section-5-de-la-loi-allemande-sur-les-telemedias-tmg\">Informations fournies conform\u00e9ment \u00e0 la section 5 de la loi allemande sur les t\u00e9l\u00e9m\u00e9dias (TMG) :<\/h2>\n\n\n\n<p>Rafik Halabi<br>Bistro Badia<br>Volksgartenstr. 27<br>40227 D\u00fcsseldorf<\/p>\n\n\n\n<h2 class=\"wp-block-heading\" id=\"h-contact-0\">Contact :<\/h2>\n\n\n\n<p>Courrier \u00e9lectronique : info@bistrobadia.de<\/p>\n\n\n\n<h2 class=\"wp-block-heading\" id=\"h-responsable-du-contenu-conformement-au-sec-55-para-2-german-federal-broadcasting-agreement-rstv\">Responsable du contenu conform\u00e9ment au Sec. 55, para. 2 German Federal Broadcasting Agreement (RstV) :<\/h2>\n\n\n\n<p>Rafik Halabi<br>Volksgartenstr. 27<br>40227 D\u00fcsseldorf<\/p>\n\n\n\n<h2 class=\"wp-block-heading\" id=\"h-resolution-des-litiges\">R\u00e9solution des litiges<\/h2>\n\n\n\n<p>La Commission europ\u00e9enne propose une plateforme pour le r\u00e8glement des litiges en ligne (OS)&nbsp;<a href=\"https:\/\/ec.europa.eu\/consumers\/odr\" target=\"_blank\" rel=\"noopener noreferrer\">: https:\/\/ec.europa.eu\/consumers\/odr.<\/a><br>Veuillez trouver notre e-mail dans les mentions l\u00e9gales.<\/p>\n\n\n\n<p>Nous ne participons pas aux r\u00e9solutions de litiges en ligne dans les forums d&rsquo;arbitrage de consommation.<\/p>\n\n\n\n<h3 class=\"wp-block-heading\" id=\"h-responsabilite-pour-les-contenus\">Responsabilit\u00e9 pour les contenus<\/h3>\n\n\n\n<p>En tant que fournisseurs de services, nous sommes responsables du contenu de ces sites web conform\u00e9ment \u00e0 la section 7, paragraphe 1 de la loi allemande sur les t\u00e9l\u00e9m\u00e9dias (TMG). Toutefois, conform\u00e9ment aux articles 8 \u00e0 10 de la loi allemande sur les t\u00e9l\u00e9m\u00e9dias (TMG), les fournisseurs de services ne sont pas tenus de surveiller en permanence les informations transmises ou stock\u00e9es, ni de rechercher des preuves d&rsquo;activit\u00e9s ill\u00e9gales.<\/p>\n\n\n\n<p>Les obligations l\u00e9gales de supprimer des informations ou de bloquer l&rsquo;utilisation d&rsquo;informations ne sont pas affect\u00e9es. Dans ce cas, la responsabilit\u00e9 n&rsquo;est possible qu&rsquo;au moment de la prise de connaissance d&rsquo;une violation sp\u00e9cifique de la loi. Les contenus ill\u00e9gaux seront imm\u00e9diatement supprim\u00e9s d\u00e8s que nous en aurons pris connaissance.<\/p>\n\n\n\n<h3 class=\"wp-block-heading\" id=\"h-responsabilite-pour-les-liens-0\">Responsabilit\u00e9 pour les liens<\/h3>\n\n\n\n<p>Notre offre comprend des liens vers des sites web externes de tiers. Nous n&rsquo;avons aucune influence sur le contenu de ces sites et ne pouvons donc pas nous porter garants de leur contenu. Les fournisseurs ou administrateurs des sites web li\u00e9s sont toujours responsables de leurs propres contenus.<\/p>\n\n\n\n<p>Les sites web li\u00e9s ont \u00e9t\u00e9 contr\u00f4l\u00e9s quant \u00e0 d&rsquo;\u00e9ventuelles violations de la loi au moment de l&rsquo;\u00e9tablissement du lien. Aucun contenu ill\u00e9gal n&rsquo;a \u00e9t\u00e9 d\u00e9tect\u00e9 au moment de la cr\u00e9ation du lien. Une surveillance permanente du contenu des sites web li\u00e9s ne peut \u00eatre impos\u00e9e sans indications raisonnables qu&rsquo;il y a eu une violation de la loi. Les liens ill\u00e9gaux seront imm\u00e9diatement supprim\u00e9s d\u00e8s que nous en aurons pris connaissance.<\/p>\n\n\n\n<h3 class=\"wp-block-heading\" id=\"h-copyright\">Copyright<\/h3>\n\n\n\n<p>Les contenus et compilations publi\u00e9s sur ces sites web par les fournisseurs sont soumis aux lois allemandes sur les droits d&rsquo;auteur. La reproduction, l&rsquo;\u00e9dition, la distribution ainsi que l&rsquo;utilisation de toute nature en dehors du champ d&rsquo;application de la loi sur les droits d&rsquo;auteur n\u00e9cessitent une autorisation \u00e9crite de l&rsquo;auteur ou du cr\u00e9ateur. Les t\u00e9l\u00e9chargements et copies de ces sites web sont autoris\u00e9s uniquement pour un usage priv\u00e9.<br>L&rsquo;utilisation commerciale de nos contenus sans l&rsquo;autorisation de l&rsquo;auteur est interdite.<\/p>\n\n\n\n<p>Les droits d&rsquo;auteur de tiers sont respect\u00e9s tant que le contenu de ces sites ne provient pas du fournisseur. Les contributions de tiers sur ce site sont indiqu\u00e9es comme telles. Toutefois, si vous constatez des violations du droit d&rsquo;auteur, veuillez nous en informer. De tels contenus seront imm\u00e9diatement supprim\u00e9s.<\/p>\n","protected":false},"excerpt":{"rendered":"<p>Mentions l\u00e9gales \u00a0&lt;a href=\u00a0\u00bb#\u00a0\u00bb onclick=\u00a0\u00bbwindow._sp_.gdpr.loadPrivacyManagerModal(1234493)\u00a0\u00bb>Param\u00e8tres de confidentialit\u00e9&lt;\/a> Informations selon \u00a7 5 TMG : Rafik HalabiBistro BadiaVolksgartenstr. 2740227 D\u00fcsseldorf Contact : Courrier \u00e9lectronique : info@bistrobadia.de Responsable du contenu selon le \u00a7 55 Abs. 2 RStV : Rafik HalabiVolksgartenstr. 2740227 D\u00fcsseldorf R\u00e8glement des litiges La Commission europ\u00e9enne met \u00e0 disposition une plateforme de r\u00e8glement en ligne des&#8230;<\/p>\n","protected":false},"author":1,"featured_media":0,"parent":0,"menu_order":0,"comment_status":"closed","ping_status":"closed","template":"","meta":{"inline_featured_image":false,"wprm-recipe-roundup-name":"","wprm-recipe-roundup-description":"","_kad_blocks_custom_css":"","_kad_blocks_head_custom_js":"","_kad_blocks_body_custom_js":"","_kad_blocks_footer_custom_js":"","_kad_post_transparent":"","_kad_post_title":"","_kad_post_layout":"","_kad_post_sidebar_id":"","_kad_post_content_style":"","_kad_post_vertical_padding":"","_kad_post_feature":"","_kad_post_feature_position":"","_kad_post_header":false,"_kad_post_footer":false,"_kad_post_classname":"","footnotes":""},"class_list":["post-15169","page","type-page","status-publish","hentry"],"yoast_head":"<!-- This site is optimized with the Yoast SEO Premium plugin v27.3 (Yoast SEO v27.3) - https:\/\/yoast.com\/product\/yoast-seo-premium-wordpress\/ -->\n<title>Mentions l\u00e9gales | Bistro Badia<\/title>\n<meta name=\"robots\" content=\"noindex, nofollow\" \/>\n<meta property=\"og:locale\" content=\"fr_FR\" \/>\n<meta property=\"og:type\" content=\"article\" \/>\n<meta property=\"og:title\" content=\"Mentions l\u00e9gales\" \/>\n<meta property=\"og:description\" content=\"Mentions l\u00e9gales \u00a0&lt;a href=\u00a0\u00bb#\u00a0\u00bb onclick=\u00a0\u00bbwindow._sp_.gdpr.loadPrivacyManagerModal(1234493)\u00a0\u00bb&gt;Param\u00e8tres de confidentialit\u00e9&lt;\/a&gt; Informations selon \u00a7 5 TMG : Rafik HalabiBistro BadiaVolksgartenstr. 2740227 D\u00fcsseldorf Contact : Courrier \u00e9lectronique : info@bistrobadia.de Responsable du contenu selon le \u00a7 55 Abs. 2 RStV : Rafik HalabiVolksgartenstr. 2740227 D\u00fcsseldorf R\u00e8glement des litiges La Commission europ\u00e9enne met \u00e0 disposition une plateforme de r\u00e8glement en ligne des...\" \/>\n<meta property=\"og:url\" content=\"https:\/\/bistrobadia.de\/fr\/mentions-l%c3%a9gales\/\" \/>\n<meta property=\"og:site_name\" content=\"Bistro Badia\" \/>\n<meta property=\"article:publisher\" content=\"https:\/\/www.facebook.com\/bistrobadia\" \/>\n<meta property=\"article:modified_time\" content=\"2025-01-03T10:32:21+00:00\" \/>\n<meta name=\"twitter:card\" content=\"summary_large_image\" \/>\n<meta name=\"twitter:label1\" content=\"Dur\u00e9e de lecture estim\u00e9e\" \/>\n\t<meta name=\"twitter:data1\" content=\"6 minutes\" \/>\n<script type=\"application\/ld+json\" class=\"yoast-schema-graph\">{\"@context\":\"https:\\\/\\\/schema.org\",\"@graph\":[{\"@type\":\"WebPage\",\"@id\":\"https:\\\/\\\/bistrobadia.de\\\/fr\\\/mentions-l%c3%a9gales\\\/\",\"url\":\"https:\\\/\\\/bistrobadia.de\\\/fr\\\/mentions-l%c3%a9gales\\\/\",\"name\":\"Mentions l\u00e9gales | Bistro Badia\",\"isPartOf\":{\"@id\":\"https:\\\/\\\/bistrobadia.de\\\/fr\\\/#website\"},\"datePublished\":\"2016-05-05T10:52:05+00:00\",\"dateModified\":\"2025-01-03T10:32:21+00:00\",\"breadcrumb\":{\"@id\":\"https:\\\/\\\/bistrobadia.de\\\/fr\\\/mentions-l%c3%a9gales\\\/#breadcrumb\"},\"inLanguage\":\"fr-FR\",\"potentialAction\":[{\"@type\":\"ReadAction\",\"target\":[\"https:\\\/\\\/bistrobadia.de\\\/fr\\\/mentions-l%c3%a9gales\\\/\"]}]},{\"@type\":\"BreadcrumbList\",\"@id\":\"https:\\\/\\\/bistrobadia.de\\\/fr\\\/mentions-l%c3%a9gales\\\/#breadcrumb\",\"itemListElement\":[{\"@type\":\"ListItem\",\"position\":1,\"name\":\"Accueil\",\"item\":\"https:\\\/\\\/bistrobadia.de\\\/fr\\\/\"},{\"@type\":\"ListItem\",\"position\":2,\"name\":\"Mentions l\u00e9gales\"}]},{\"@type\":\"WebSite\",\"@id\":\"https:\\\/\\\/bistrobadia.de\\\/fr\\\/#website\",\"url\":\"https:\\\/\\\/bistrobadia.de\\\/fr\\\/\",\"name\":\"Bistro Badia\",\"description\":\"Rezepte aus dem Libanon und der Levante\",\"publisher\":{\"@id\":\"https:\\\/\\\/bistrobadia.de\\\/fr\\\/#organization\"},\"potentialAction\":[{\"@type\":\"SearchAction\",\"target\":{\"@type\":\"EntryPoint\",\"urlTemplate\":\"https:\\\/\\\/bistrobadia.de\\\/fr\\\/?s={search_term_string}\"},\"query-input\":{\"@type\":\"PropertyValueSpecification\",\"valueRequired\":true,\"valueName\":\"search_term_string\"}}],\"inLanguage\":\"fr-FR\"},{\"@type\":\"Organization\",\"@id\":\"https:\\\/\\\/bistrobadia.de\\\/fr\\\/#organization\",\"name\":\"Bistro Badia\",\"url\":\"https:\\\/\\\/bistrobadia.de\\\/fr\\\/\",\"logo\":{\"@type\":\"ImageObject\",\"inLanguage\":\"fr-FR\",\"@id\":\"https:\\\/\\\/bistrobadia.de\\\/fr\\\/#\\\/schema\\\/logo\\\/image\\\/\",\"url\":\"https:\\\/\\\/bistrobadia.de\\\/wp-content\\\/uploads\\\/2016\\\/06\\\/kleines-logo-gr\u00fcn.jpg\",\"contentUrl\":\"https:\\\/\\\/bistrobadia.de\\\/wp-content\\\/uploads\\\/2016\\\/06\\\/kleines-logo-gr\u00fcn.jpg\",\"width\":2048,\"height\":1448,\"caption\":\"Bistro Badia\"},\"image\":{\"@id\":\"https:\\\/\\\/bistrobadia.de\\\/fr\\\/#\\\/schema\\\/logo\\\/image\\\/\"},\"sameAs\":[\"https:\\\/\\\/www.facebook.com\\\/bistrobadia\",\"https:\\\/\\\/www.instagram.com\\\/bistrobadia.de\\\/\",\"https:\\\/\\\/www.pinterest.de\\\/bistrobadia\\\/\"]}]}<\/script>\n<!-- \/ Yoast SEO Premium plugin. -->","yoast_head_json":{"title":"Mentions l\u00e9gales | Bistro Badia","robots":{"index":"noindex","follow":"nofollow"},"og_locale":"fr_FR","og_type":"article","og_title":"Mentions l\u00e9gales","og_description":"Mentions l\u00e9gales \u00a0&lt;a href=\u00a0\u00bb#\u00a0\u00bb onclick=\u00a0\u00bbwindow._sp_.gdpr.loadPrivacyManagerModal(1234493)\u00a0\u00bb>Param\u00e8tres de confidentialit\u00e9&lt;\/a> Informations selon \u00a7 5 TMG : Rafik HalabiBistro BadiaVolksgartenstr. 2740227 D\u00fcsseldorf Contact : Courrier \u00e9lectronique : info@bistrobadia.de Responsable du contenu selon le \u00a7 55 Abs. 2 RStV : Rafik HalabiVolksgartenstr. 2740227 D\u00fcsseldorf R\u00e8glement des litiges La Commission europ\u00e9enne met \u00e0 disposition une plateforme de r\u00e8glement en ligne des...","og_url":"https:\/\/bistrobadia.de\/fr\/mentions-l%c3%a9gales\/","og_site_name":"Bistro Badia","article_publisher":"https:\/\/www.facebook.com\/bistrobadia","article_modified_time":"2025-01-03T10:32:21+00:00","twitter_card":"summary_large_image","twitter_misc":{"Dur\u00e9e de lecture estim\u00e9e":"6 minutes"},"schema":{"@context":"https:\/\/schema.org","@graph":[{"@type":"WebPage","@id":"https:\/\/bistrobadia.de\/fr\/mentions-l%c3%a9gales\/","url":"https:\/\/bistrobadia.de\/fr\/mentions-l%c3%a9gales\/","name":"Mentions l\u00e9gales | Bistro Badia","isPartOf":{"@id":"https:\/\/bistrobadia.de\/fr\/#website"},"datePublished":"2016-05-05T10:52:05+00:00","dateModified":"2025-01-03T10:32:21+00:00","breadcrumb":{"@id":"https:\/\/bistrobadia.de\/fr\/mentions-l%c3%a9gales\/#breadcrumb"},"inLanguage":"fr-FR","potentialAction":[{"@type":"ReadAction","target":["https:\/\/bistrobadia.de\/fr\/mentions-l%c3%a9gales\/"]}]},{"@type":"BreadcrumbList","@id":"https:\/\/bistrobadia.de\/fr\/mentions-l%c3%a9gales\/#breadcrumb","itemListElement":[{"@type":"ListItem","position":1,"name":"Accueil","item":"https:\/\/bistrobadia.de\/fr\/"},{"@type":"ListItem","position":2,"name":"Mentions l\u00e9gales"}]},{"@type":"WebSite","@id":"https:\/\/bistrobadia.de\/fr\/#website","url":"https:\/\/bistrobadia.de\/fr\/","name":"Bistro Badia","description":"Rezepte aus dem Libanon und der Levante","publisher":{"@id":"https:\/\/bistrobadia.de\/fr\/#organization"},"potentialAction":[{"@type":"SearchAction","target":{"@type":"EntryPoint","urlTemplate":"https:\/\/bistrobadia.de\/fr\/?s={search_term_string}"},"query-input":{"@type":"PropertyValueSpecification","valueRequired":true,"valueName":"search_term_string"}}],"inLanguage":"fr-FR"},{"@type":"Organization","@id":"https:\/\/bistrobadia.de\/fr\/#organization","name":"Bistro Badia","url":"https:\/\/bistrobadia.de\/fr\/","logo":{"@type":"ImageObject","inLanguage":"fr-FR","@id":"https:\/\/bistrobadia.de\/fr\/#\/schema\/logo\/image\/","url":"https:\/\/bistrobadia.de\/wp-content\/uploads\/2016\/06\/kleines-logo-gr\u00fcn.jpg","contentUrl":"https:\/\/bistrobadia.de\/wp-content\/uploads\/2016\/06\/kleines-logo-gr\u00fcn.jpg","width":2048,"height":1448,"caption":"Bistro Badia"},"image":{"@id":"https:\/\/bistrobadia.de\/fr\/#\/schema\/logo\/image\/"},"sameAs":["https:\/\/www.facebook.com\/bistrobadia","https:\/\/www.instagram.com\/bistrobadia.de\/","https:\/\/www.pinterest.de\/bistrobadia\/"]}]}},"taxonomy_info":[],"featured_image_src_large":false,"author_info":{"display_name":"Rafik Halabi","author_link":"https:\/\/bistrobadia.de\/fr\/author\/rafik\/"},"comment_info":0,"_links":{"self":[{"href":"https:\/\/bistrobadia.de\/fr\/wp-json\/wp\/v2\/pages\/15169","targetHints":{"allow":["GET"]}}],"collection":[{"href":"https:\/\/bistrobadia.de\/fr\/wp-json\/wp\/v2\/pages"}],"about":[{"href":"https:\/\/bistrobadia.de\/fr\/wp-json\/wp\/v2\/types\/page"}],"author":[{"embeddable":true,"href":"https:\/\/bistrobadia.de\/fr\/wp-json\/wp\/v2\/users\/1"}],"replies":[{"embeddable":true,"href":"https:\/\/bistrobadia.de\/fr\/wp-json\/wp\/v2\/comments?post=15169"}],"version-history":[{"count":3,"href":"https:\/\/bistrobadia.de\/fr\/wp-json\/wp\/v2\/pages\/15169\/revisions"}],"predecessor-version":[{"id":43837,"href":"https:\/\/bistrobadia.de\/fr\/wp-json\/wp\/v2\/pages\/15169\/revisions\/43837"}],"wp:attachment":[{"href":"https:\/\/bistrobadia.de\/fr\/wp-json\/wp\/v2\/media?parent=15169"}],"curies":[{"name":"wp","href":"https:\/\/api.w.org\/{rel}","templated":true}]}}