{"id":15256,"date":"2016-05-05T12:51:56","date_gmt":"2016-05-05T10:51:56","guid":{"rendered":"https:\/\/bistrobadia.de\/kontakt\/"},"modified":"2024-01-30T08:30:59","modified_gmt":"2024-01-30T07:30:59","slug":"contact","status":"publish","type":"page","link":"https:\/\/bistrobadia.de\/fr\/contact\/","title":{"rendered":"Contact"},"content":{"rendered":"<style>.kb-row-layout-id15256_19a366-f6 > .kt-row-column-wrap{align-content:start;}:where(.kb-row-layout-id15256_19a366-f6 > .kt-row-column-wrap) > .wp-block-kadence-column{justify-content:start;}.kb-row-layout-id15256_19a366-f6 > .kt-row-column-wrap{column-gap:var(--global-kb-gap-md, 2rem);row-gap:var(--global-kb-gap-md, 2rem);padding-top:var(--global-kb-spacing-sm, 1.5rem);padding-bottom:var(--global-kb-spacing-sm, 1.5rem);}.kb-row-layout-id15256_19a366-f6 > .kt-row-column-wrap > div:not(.added-for-specificity){grid-column:initial;}.kb-row-layout-id15256_19a366-f6 > .kt-row-column-wrap{grid-template-columns:minmax(0, 1fr) minmax(0, 6fr) minmax(0, 1fr);}.kb-row-layout-id15256_19a366-f6 > .kt-row-layout-overlay{opacity:0.30;}@media all and (max-width: 1024px){.kb-row-layout-id15256_19a366-f6 > .kt-row-column-wrap > div:not(.added-for-specificity){grid-column:initial;}}@media all and (max-width: 1024px){.kb-row-layout-id15256_19a366-f6 > .kt-row-column-wrap{grid-template-columns:minmax(0, 1fr) minmax(0, 6fr) minmax(0, 1fr);}}@media all and (max-width: 767px){.kb-row-layout-id15256_19a366-f6 > .kt-row-column-wrap > div:not(.added-for-specificity){grid-column:initial;}.kb-row-layout-id15256_19a366-f6 > .kt-row-column-wrap{grid-template-columns:minmax(0, 1fr);}}<\/style><div class=\"kb-row-layout-wrap kb-row-layout-id15256_19a366-f6 alignnone wp-block-kadence-rowlayout\"><div class=\"kt-row-column-wrap kt-has-3-columns kt-row-layout-center-exwide kt-tab-layout-inherit kt-mobile-layout-row kt-row-valign-top\">\n<style>.kadence-column15256_bd83c0-8b > .kt-inside-inner-col,.kadence-column15256_bd83c0-8b > .kt-inside-inner-col:before{border-top-left-radius:0px;border-top-right-radius:0px;border-bottom-right-radius:0px;border-bottom-left-radius:0px;}.kadence-column15256_bd83c0-8b > .kt-inside-inner-col{column-gap:var(--global-kb-gap-sm, 1rem);}.kadence-column15256_bd83c0-8b > .kt-inside-inner-col{flex-direction:column;}.kadence-column15256_bd83c0-8b > .kt-inside-inner-col > .aligncenter{width:100%;}.kadence-column15256_bd83c0-8b > .kt-inside-inner-col:before{opacity:0.3;}.kadence-column15256_bd83c0-8b{position:relative;}@media all and (max-width: 1024px){.kadence-column15256_bd83c0-8b > .kt-inside-inner-col{flex-direction:column;justify-content:center;}}@media all and (max-width: 767px){.kadence-column15256_bd83c0-8b > .kt-inside-inner-col{flex-direction:column;justify-content:center;}}<\/style>\n<div class=\"wp-block-kadence-column kadence-column15256_bd83c0-8b inner-column-1\"><div class=\"kt-inside-inner-col\"><\/div><\/div>\n\n\n<style>.kadence-column15256_ca7e76-e3 > .kt-inside-inner-col,.kadence-column15256_ca7e76-e3 > .kt-inside-inner-col:before{border-top-left-radius:0px;border-top-right-radius:0px;border-bottom-right-radius:0px;border-bottom-left-radius:0px;}.kadence-column15256_ca7e76-e3 > .kt-inside-inner-col{column-gap:var(--global-kb-gap-sm, 1rem);}.kadence-column15256_ca7e76-e3 > .kt-inside-inner-col{flex-direction:column;}.kadence-column15256_ca7e76-e3 > .kt-inside-inner-col > .aligncenter{width:100%;}.kadence-column15256_ca7e76-e3 > .kt-inside-inner-col:before{opacity:0.3;}.kadence-column15256_ca7e76-e3{position:relative;}@media all and (max-width: 1024px){.kadence-column15256_ca7e76-e3 > .kt-inside-inner-col{flex-direction:column;justify-content:center;}}@media all and (max-width: 767px){.kadence-column15256_ca7e76-e3 > .kt-inside-inner-col{flex-direction:column;justify-content:center;}}<\/style>\n<div class=\"wp-block-kadence-column kadence-column15256_ca7e76-e3 inner-column-2\"><div class=\"kt-inside-inner-col\">\n<figure class=\"wp-block-pullquote is-style-plain\"><blockquote><p>Tu as des questions, des commentaires ou tu veux simplement dire bonjour ? Alors je me r\u00e9jouis de recevoir ton message !<\/p><\/blockquote><\/figure>\n<\/div><\/div>\n\n\n<style>.kadence-column15256_08ea34-68 > .kt-inside-inner-col,.kadence-column15256_08ea34-68 > .kt-inside-inner-col:before{border-top-left-radius:0px;border-top-right-radius:0px;border-bottom-right-radius:0px;border-bottom-left-radius:0px;}.kadence-column15256_08ea34-68 > .kt-inside-inner-col{column-gap:var(--global-kb-gap-sm, 1rem);}.kadence-column15256_08ea34-68 > .kt-inside-inner-col{flex-direction:column;}.kadence-column15256_08ea34-68 > .kt-inside-inner-col > .aligncenter{width:100%;}.kadence-column15256_08ea34-68 > .kt-inside-inner-col:before{opacity:0.3;}.kadence-column15256_08ea34-68{position:relative;}@media all and (max-width: 1024px){.kadence-column15256_08ea34-68 > .kt-inside-inner-col{flex-direction:column;justify-content:center;}}@media all and (max-width: 767px){.kadence-column15256_08ea34-68 > .kt-inside-inner-col{flex-direction:column;justify-content:center;}}<\/style>\n<div class=\"wp-block-kadence-column kadence-column15256_08ea34-68 inner-column-3\"><div class=\"kt-inside-inner-col\"><\/div><\/div>\n\n<\/div><\/div>\n\n<style>.kb-row-layout-id15256_9fd659-df > .kt-row-column-wrap{align-content:start;}:where(.kb-row-layout-id15256_9fd659-df > .kt-row-column-wrap) > .wp-block-kadence-column{justify-content:start;}.kb-row-layout-id15256_9fd659-df > .kt-row-column-wrap{column-gap:var(--global-kb-gap-md, 2rem);row-gap:var(--global-kb-gap-md, 2rem);padding-top:var(--global-kb-spacing-sm, 1.5rem);padding-bottom:var(--global-kb-spacing-sm, 1.5rem);}.kb-row-layout-id15256_9fd659-df > .kt-row-column-wrap > div:not(.added-for-specificity){grid-column:initial;}.kb-row-layout-id15256_9fd659-df > .kt-row-column-wrap{grid-template-columns:minmax(0, 1fr) minmax(0, 6fr) minmax(0, 1fr);}.kb-row-layout-id15256_9fd659-df > .kt-row-layout-overlay{opacity:0.30;}@media all and (max-width: 1024px){.kb-row-layout-id15256_9fd659-df > .kt-row-column-wrap > div:not(.added-for-specificity){grid-column:initial;}}@media all and (max-width: 1024px){.kb-row-layout-id15256_9fd659-df > .kt-row-column-wrap{grid-template-columns:minmax(0, 1fr) minmax(0, 6fr) minmax(0, 1fr);}}@media all and (max-width: 767px){.kb-row-layout-id15256_9fd659-df > .kt-row-column-wrap > div:not(.added-for-specificity){grid-column:initial;}.kb-row-layout-id15256_9fd659-df > .kt-row-column-wrap{grid-template-columns:minmax(0, 1fr);}}<\/style><div class=\"kb-row-layout-wrap kb-row-layout-id15256_9fd659-df alignnone wp-block-kadence-rowlayout\"><div class=\"kt-row-column-wrap kt-has-3-columns kt-row-layout-center-exwide kt-tab-layout-inherit kt-mobile-layout-row kt-row-valign-top\">\n<style>.kadence-column15256_960918-13 > .kt-inside-inner-col,.kadence-column15256_960918-13 > .kt-inside-inner-col:before{border-top-left-radius:0px;border-top-right-radius:0px;border-bottom-right-radius:0px;border-bottom-left-radius:0px;}.kadence-column15256_960918-13 > .kt-inside-inner-col{column-gap:var(--global-kb-gap-sm, 1rem);}.kadence-column15256_960918-13 > .kt-inside-inner-col{flex-direction:column;}.kadence-column15256_960918-13 > .kt-inside-inner-col > .aligncenter{width:100%;}.kadence-column15256_960918-13 > .kt-inside-inner-col:before{opacity:0.3;}.kadence-column15256_960918-13{position:relative;}@media all and (max-width: 1024px){.kadence-column15256_960918-13 > .kt-inside-inner-col{flex-direction:column;justify-content:center;}}@media all and (max-width: 767px){.kadence-column15256_960918-13 > .kt-inside-inner-col{flex-direction:column;justify-content:center;}}<\/style>\n<div class=\"wp-block-kadence-column kadence-column15256_960918-13 inner-column-1\"><div class=\"kt-inside-inner-col\"><\/div><\/div>\n\n\n<style>.kadence-column15256_5aaa3b-a8 > .kt-inside-inner-col,.kadence-column15256_5aaa3b-a8 > .kt-inside-inner-col:before{border-top-left-radius:0px;border-top-right-radius:0px;border-bottom-right-radius:0px;border-bottom-left-radius:0px;}.kadence-column15256_5aaa3b-a8 > .kt-inside-inner-col{column-gap:var(--global-kb-gap-sm, 1rem);}.kadence-column15256_5aaa3b-a8 > .kt-inside-inner-col{flex-direction:column;}.kadence-column15256_5aaa3b-a8 > .kt-inside-inner-col > .aligncenter{width:100%;}.kadence-column15256_5aaa3b-a8 > .kt-inside-inner-col:before{opacity:0.3;}.kadence-column15256_5aaa3b-a8{position:relative;}@media all and (max-width: 1024px){.kadence-column15256_5aaa3b-a8 > .kt-inside-inner-col{flex-direction:column;justify-content:center;}}@media all and (max-width: 767px){.kadence-column15256_5aaa3b-a8 > .kt-inside-inner-col{flex-direction:column;justify-content:center;}}<\/style>\n<div class=\"wp-block-kadence-column kadence-column15256_5aaa3b-a8 inner-column-2\"><div class=\"kt-inside-inner-col\">\n<div class=\"wp-block-contact-form-7-contact-form-selector\">\n<div class=\"wpcf7 no-js\" id=\"wpcf7-f31745-o1\" lang=\"de-DE\" dir=\"ltr\" data-wpcf7-id=\"31745\">\n<div class=\"screen-reader-response\"><p role=\"status\" aria-live=\"polite\" aria-atomic=\"true\"><\/p> <ul><\/ul><\/div>\n<form action=\"\/fr\/wp-json\/wp\/v2\/pages\/15256#wpcf7-f31745-o1\" method=\"post\" class=\"wpcf7-form init\" aria-label=\"Kontaktformular\" novalidate=\"novalidate\" data-status=\"init\">\n<fieldset class=\"hidden-fields-container\"><input type=\"hidden\" name=\"_wpcf7\" value=\"31745\" \/><input type=\"hidden\" name=\"_wpcf7_version\" value=\"6.1.5\" \/><input type=\"hidden\" name=\"_wpcf7_locale\" value=\"de_DE\" \/><input type=\"hidden\" name=\"_wpcf7_unit_tag\" value=\"wpcf7-f31745-o1\" \/><input type=\"hidden\" name=\"_wpcf7_container_post\" value=\"0\" \/><input type=\"hidden\" name=\"_wpcf7_posted_data_hash\" value=\"\" \/>\n<\/fieldset>\n<p>Ton nom (obligatoire)\n<\/p>\n<p><span class=\"wpcf7-form-control-wrap\" data-name=\"your-name\"><input size=\"40\" maxlength=\"400\" class=\"wpcf7-form-control wpcf7-text wpcf7-validates-as-required\" aria-required=\"true\" aria-invalid=\"false\" value=\"\" type=\"text\" name=\"your-name\" \/><\/span>\n<\/p>\n<p>Ton adresse e-mail (obligatoire)\n<\/p>\n<p><span class=\"wpcf7-form-control-wrap\" data-name=\"your-email\"><input size=\"40\" maxlength=\"400\" class=\"wpcf7-form-control wpcf7-email wpcf7-validates-as-required wpcf7-text wpcf7-validates-as-email\" aria-required=\"true\" aria-invalid=\"false\" value=\"\" type=\"email\" name=\"your-email\" \/><\/span>\n<\/p>\n<p>Sujet\n<\/p>\n<p><span class=\"wpcf7-form-control-wrap\" data-name=\"your-subject\"><input size=\"40\" maxlength=\"400\" class=\"wpcf7-form-control wpcf7-text\" aria-invalid=\"false\" value=\"\" type=\"text\" name=\"your-subject\" \/><\/span>\n<\/p>\n<p>Ton message\n<\/p>\n<p><span class=\"wpcf7-form-control-wrap\" data-name=\"your-message\"><textarea cols=\"40\" rows=\"10\" maxlength=\"2000\" class=\"wpcf7-form-control wpcf7-textarea\" aria-invalid=\"false\" name=\"your-message\"><\/textarea><\/span>\n<\/p>\n<p><span class=\"wpcf7-form-control-wrap\" data-name=\"acceptance-592\"><span class=\"wpcf7-form-control wpcf7-acceptance\"><span class=\"wpcf7-list-item\"><label><input type=\"checkbox\" name=\"acceptance-592\" value=\"1\" aria-invalid=\"false\" \/><span class=\"wpcf7-list-item-label\">Accord requis<\/span><\/label><\/span><\/span><\/span> J'ai pris connaissance de la d\u00e9claration de protection des donn\u00e9es. J'accepte que mes informations et donn\u00e9es soient collect\u00e9es et enregistr\u00e9es \u00e9lectroniquement pour r\u00e9pondre \u00e0 ma demande. Remarque : vous pouvez \u00e0 tout moment r\u00e9voquer votre consentement pour l'avenir en envoyant un e-mail \u00e0 info@bistrobadia.de.\n<\/p>\n<p><input class=\"wpcf7-form-control wpcf7-submit has-spinner\" type=\"submit\" value=\"Envoyer\" \/>\n<\/p><div class=\"wpcf7-response-output\" aria-hidden=\"true\"><\/div>\n<\/form>\n<\/div>\n<\/div>\n<\/div><\/div>\n\n\n<style>.kadence-column15256_65e651-91 > .kt-inside-inner-col,.kadence-column15256_65e651-91 > .kt-inside-inner-col:before{border-top-left-radius:0px;border-top-right-radius:0px;border-bottom-right-radius:0px;border-bottom-left-radius:0px;}.kadence-column15256_65e651-91 > .kt-inside-inner-col{column-gap:var(--global-kb-gap-sm, 1rem);}.kadence-column15256_65e651-91 > .kt-inside-inner-col{flex-direction:column;}.kadence-column15256_65e651-91 > .kt-inside-inner-col > .aligncenter{width:100%;}.kadence-column15256_65e651-91 > .kt-inside-inner-col:before{opacity:0.3;}.kadence-column15256_65e651-91{position:relative;}@media all and (max-width: 1024px){.kadence-column15256_65e651-91 > .kt-inside-inner-col{flex-direction:column;justify-content:center;}}@media all and (max-width: 767px){.kadence-column15256_65e651-91 > .kt-inside-inner-col{flex-direction:column;justify-content:center;}}<\/style>\n<div class=\"wp-block-kadence-column kadence-column15256_65e651-91 inner-column-3\"><div class=\"kt-inside-inner-col\"><\/div><\/div>\n\n<\/div><\/div>","protected":false},"excerpt":{"rendered":"<p>Tu as des questions, des commentaires ou tu veux simplement dire bonjour ? Alors je me r\u00e9jouis de recevoir ton message !<\/p>\n","protected":false},"author":1,"featured_media":0,"parent":0,"menu_order":0,"comment_status":"closed","ping_status":"closed","template":"","meta":{"inline_featured_image":false,"wprm-recipe-roundup-name":"","wprm-recipe-roundup-description":"","_kad_blocks_custom_css":"","_kad_blocks_head_custom_js":"","_kad_blocks_body_custom_js":"","_kad_blocks_footer_custom_js":"","_kad_post_transparent":"","_kad_post_title":"","_kad_post_layout":"","_kad_post_sidebar_id":"","_kad_post_content_style":"","_kad_post_vertical_padding":"","_kad_post_feature":"","_kad_post_feature_position":"","_kad_post_header":false,"_kad_post_footer":false,"_kad_post_classname":"","footnotes":""},"class_list":["post-15256","page","type-page","status-publish","hentry"],"yoast_head":"<!-- This site is optimized with the Yoast SEO Premium plugin v27.3 (Yoast SEO v27.3) - https:\/\/yoast.com\/product\/yoast-seo-premium-wordpress\/ -->\n<title>Contact | Bistro Badia<\/title>\n<meta name=\"robots\" content=\"index, follow, max-snippet:-1, max-image-preview:large, max-video-preview:-1\" \/>\n<link rel=\"canonical\" href=\"https:\/\/bistrobadia.de\/fr\/contact\/\" \/>\n<meta property=\"og:locale\" content=\"fr_FR\" \/>\n<meta property=\"og:type\" content=\"article\" \/>\n<meta property=\"og:title\" content=\"Contact\" \/>\n<meta property=\"og:description\" content=\"Tu as des questions, des commentaires ou tu veux simplement dire bonjour ? Alors je me r\u00e9jouis de recevoir ton message !\" \/>\n<meta property=\"og:url\" content=\"https:\/\/bistrobadia.de\/fr\/contact\/\" \/>\n<meta property=\"og:site_name\" content=\"Bistro Badia\" \/>\n<meta property=\"article:publisher\" content=\"https:\/\/www.facebook.com\/bistrobadia\" \/>\n<meta property=\"article:modified_time\" content=\"2024-01-30T07:30:59+00:00\" \/>\n<meta name=\"twitter:card\" content=\"summary_large_image\" \/>\n<meta name=\"twitter:label1\" content=\"Dur\u00e9e de lecture estim\u00e9e\" \/>\n\t<meta name=\"twitter:data1\" content=\"1 minute\" \/>\n<script type=\"application\/ld+json\" class=\"yoast-schema-graph\">{\"@context\":\"https:\\\/\\\/schema.org\",\"@graph\":[{\"@type\":\"WebPage\",\"@id\":\"https:\\\/\\\/bistrobadia.de\\\/fr\\\/contact\\\/\",\"url\":\"https:\\\/\\\/bistrobadia.de\\\/fr\\\/contact\\\/\",\"name\":\"Contact | Bistro Badia\",\"isPartOf\":{\"@id\":\"https:\\\/\\\/bistrobadia.de\\\/fr\\\/#website\"},\"datePublished\":\"2016-05-05T10:51:56+00:00\",\"dateModified\":\"2024-01-30T07:30:59+00:00\",\"breadcrumb\":{\"@id\":\"https:\\\/\\\/bistrobadia.de\\\/fr\\\/contact\\\/#breadcrumb\"},\"inLanguage\":\"fr-FR\",\"potentialAction\":[{\"@type\":\"ReadAction\",\"target\":[\"https:\\\/\\\/bistrobadia.de\\\/fr\\\/contact\\\/\"]}]},{\"@type\":\"BreadcrumbList\",\"@id\":\"https:\\\/\\\/bistrobadia.de\\\/fr\\\/contact\\\/#breadcrumb\",\"itemListElement\":[{\"@type\":\"ListItem\",\"position\":1,\"name\":\"Accueil\",\"item\":\"https:\\\/\\\/bistrobadia.de\\\/fr\\\/\"},{\"@type\":\"ListItem\",\"position\":2,\"name\":\"Contact\"}]},{\"@type\":\"WebSite\",\"@id\":\"https:\\\/\\\/bistrobadia.de\\\/fr\\\/#website\",\"url\":\"https:\\\/\\\/bistrobadia.de\\\/fr\\\/\",\"name\":\"Bistro Badia\",\"description\":\"Rezepte aus dem Libanon und der Levante\",\"publisher\":{\"@id\":\"https:\\\/\\\/bistrobadia.de\\\/fr\\\/#organization\"},\"potentialAction\":[{\"@type\":\"SearchAction\",\"target\":{\"@type\":\"EntryPoint\",\"urlTemplate\":\"https:\\\/\\\/bistrobadia.de\\\/fr\\\/?s={search_term_string}\"},\"query-input\":{\"@type\":\"PropertyValueSpecification\",\"valueRequired\":true,\"valueName\":\"search_term_string\"}}],\"inLanguage\":\"fr-FR\"},{\"@type\":\"Organization\",\"@id\":\"https:\\\/\\\/bistrobadia.de\\\/fr\\\/#organization\",\"name\":\"Bistro Badia\",\"url\":\"https:\\\/\\\/bistrobadia.de\\\/fr\\\/\",\"logo\":{\"@type\":\"ImageObject\",\"inLanguage\":\"fr-FR\",\"@id\":\"https:\\\/\\\/bistrobadia.de\\\/fr\\\/#\\\/schema\\\/logo\\\/image\\\/\",\"url\":\"https:\\\/\\\/bistrobadia.de\\\/wp-content\\\/uploads\\\/2016\\\/06\\\/kleines-logo-gr\u00fcn.jpg\",\"contentUrl\":\"https:\\\/\\\/bistrobadia.de\\\/wp-content\\\/uploads\\\/2016\\\/06\\\/kleines-logo-gr\u00fcn.jpg\",\"width\":2048,\"height\":1448,\"caption\":\"Bistro Badia\"},\"image\":{\"@id\":\"https:\\\/\\\/bistrobadia.de\\\/fr\\\/#\\\/schema\\\/logo\\\/image\\\/\"},\"sameAs\":[\"https:\\\/\\\/www.facebook.com\\\/bistrobadia\",\"https:\\\/\\\/www.instagram.com\\\/bistrobadia.de\\\/\",\"https:\\\/\\\/www.pinterest.de\\\/bistrobadia\\\/\"]}]}<\/script>\n<!-- \/ Yoast SEO Premium plugin. -->","yoast_head_json":{"title":"Contact | Bistro Badia","robots":{"index":"index","follow":"follow","max-snippet":"max-snippet:-1","max-image-preview":"max-image-preview:large","max-video-preview":"max-video-preview:-1"},"canonical":"https:\/\/bistrobadia.de\/fr\/contact\/","og_locale":"fr_FR","og_type":"article","og_title":"Contact","og_description":"Tu as des questions, des commentaires ou tu veux simplement dire bonjour ? Alors je me r\u00e9jouis de recevoir ton message !","og_url":"https:\/\/bistrobadia.de\/fr\/contact\/","og_site_name":"Bistro Badia","article_publisher":"https:\/\/www.facebook.com\/bistrobadia","article_modified_time":"2024-01-30T07:30:59+00:00","twitter_card":"summary_large_image","twitter_misc":{"Dur\u00e9e de lecture estim\u00e9e":"1 minute"},"schema":{"@context":"https:\/\/schema.org","@graph":[{"@type":"WebPage","@id":"https:\/\/bistrobadia.de\/fr\/contact\/","url":"https:\/\/bistrobadia.de\/fr\/contact\/","name":"Contact | Bistro Badia","isPartOf":{"@id":"https:\/\/bistrobadia.de\/fr\/#website"},"datePublished":"2016-05-05T10:51:56+00:00","dateModified":"2024-01-30T07:30:59+00:00","breadcrumb":{"@id":"https:\/\/bistrobadia.de\/fr\/contact\/#breadcrumb"},"inLanguage":"fr-FR","potentialAction":[{"@type":"ReadAction","target":["https:\/\/bistrobadia.de\/fr\/contact\/"]}]},{"@type":"BreadcrumbList","@id":"https:\/\/bistrobadia.de\/fr\/contact\/#breadcrumb","itemListElement":[{"@type":"ListItem","position":1,"name":"Accueil","item":"https:\/\/bistrobadia.de\/fr\/"},{"@type":"ListItem","position":2,"name":"Contact"}]},{"@type":"WebSite","@id":"https:\/\/bistrobadia.de\/fr\/#website","url":"https:\/\/bistrobadia.de\/fr\/","name":"Bistro Badia","description":"Rezepte aus dem Libanon und der Levante","publisher":{"@id":"https:\/\/bistrobadia.de\/fr\/#organization"},"potentialAction":[{"@type":"SearchAction","target":{"@type":"EntryPoint","urlTemplate":"https:\/\/bistrobadia.de\/fr\/?s={search_term_string}"},"query-input":{"@type":"PropertyValueSpecification","valueRequired":true,"valueName":"search_term_string"}}],"inLanguage":"fr-FR"},{"@type":"Organization","@id":"https:\/\/bistrobadia.de\/fr\/#organization","name":"Bistro Badia","url":"https:\/\/bistrobadia.de\/fr\/","logo":{"@type":"ImageObject","inLanguage":"fr-FR","@id":"https:\/\/bistrobadia.de\/fr\/#\/schema\/logo\/image\/","url":"https:\/\/bistrobadia.de\/wp-content\/uploads\/2016\/06\/kleines-logo-gr\u00fcn.jpg","contentUrl":"https:\/\/bistrobadia.de\/wp-content\/uploads\/2016\/06\/kleines-logo-gr\u00fcn.jpg","width":2048,"height":1448,"caption":"Bistro Badia"},"image":{"@id":"https:\/\/bistrobadia.de\/fr\/#\/schema\/logo\/image\/"},"sameAs":["https:\/\/www.facebook.com\/bistrobadia","https:\/\/www.instagram.com\/bistrobadia.de\/","https:\/\/www.pinterest.de\/bistrobadia\/"]}]}},"taxonomy_info":[],"featured_image_src_large":false,"author_info":{"display_name":"Rafik Halabi","author_link":"https:\/\/bistrobadia.de\/fr\/author\/rafik\/"},"comment_info":0,"_links":{"self":[{"href":"https:\/\/bistrobadia.de\/fr\/wp-json\/wp\/v2\/pages\/15256","targetHints":{"allow":["GET"]}}],"collection":[{"href":"https:\/\/bistrobadia.de\/fr\/wp-json\/wp\/v2\/pages"}],"about":[{"href":"https:\/\/bistrobadia.de\/fr\/wp-json\/wp\/v2\/types\/page"}],"author":[{"embeddable":true,"href":"https:\/\/bistrobadia.de\/fr\/wp-json\/wp\/v2\/users\/1"}],"replies":[{"embeddable":true,"href":"https:\/\/bistrobadia.de\/fr\/wp-json\/wp\/v2\/comments?post=15256"}],"version-history":[{"count":0,"href":"https:\/\/bistrobadia.de\/fr\/wp-json\/wp\/v2\/pages\/15256\/revisions"}],"wp:attachment":[{"href":"https:\/\/bistrobadia.de\/fr\/wp-json\/wp\/v2\/media?parent=15256"}],"curies":[{"name":"wp","href":"https:\/\/api.w.org\/{rel}","templated":true}]}}