{"id":15312,"date":"2020-02-25T15:09:14","date_gmt":"2020-02-25T14:09:14","guid":{"rendered":"https:\/\/bistrobadia.de\/kooperation\/"},"modified":"2024-01-19T14:05:52","modified_gmt":"2024-01-19T13:05:52","slug":"coop%c3%a9ration","status":"publish","type":"page","link":"https:\/\/bistrobadia.de\/fr\/coop%c3%a9ration\/","title":{"rendered":"coop\u00e9ration"},"content":{"rendered":"<h2>Une bonne histoire reste dans la t\u00eate et touche le c\u0153ur.<\/h2>\n<p>Travaille avec moi ! J&rsquo;ai beaucoup \u00e0 offrir !<\/p>\n<p>Durant l&rsquo;\u00e9t\u00e9 2019, j&rsquo;ai pens\u00e9 que c&rsquo;\u00e9tait maintenant ou jamais et j&rsquo;ai vid\u00e9 mon bureau dans l&rsquo;agence de publicit\u00e9, pleine d&rsquo;\u00e9nergie et d&rsquo;envie de nouveaut\u00e9. J&rsquo;ai d\u00e9licatement rang\u00e9 toutes les plantes branlantes et succulentes de mon bureau dans un carton et je suis sortie pour suivre mon propre chemin.<\/p>\n<p>Et c&rsquo;est ainsi qu&rsquo;est n\u00e9e ma petite entreprise unipersonnelle\u00a0<strong>\u00ab\u00a0<a href=\"http:\/\/www.storymade.de\/\" target=\"_blank\" rel=\"noopener noreferrer\">Storymade<\/a><\/strong>\u00a0\u00ab\u00a0. Depuis, je ne fais que ce pour quoi mon c\u0153ur br\u00fble. Et bien s\u00fbr, mon blog\u00a0<strong>Bistro Badia<\/strong>\u00a0occupe la premi\u00e8re place !<\/p>\n<h2>Mon offre<\/h2>\n<p>Le storytelling constitue le c\u0153ur de mon travail \u00e0 tous les niveaux. Une bonne histoire reste dans la t\u00eate et touche en m\u00eame temps le c\u0153ur. Ton groupe cible n&rsquo;ach\u00e8te pas ton produit, il ach\u00e8te ton histoire !<\/p>\n<h3>Marque blanche : contenu r\u00e9serv\u00e9 \u00e0 tes canaux et pages<\/h3>\n<p>Tu as besoin de photos et de textes pour tes canaux ? Je me ferai un plaisir de cr\u00e9er pour toi des photos et des textes professionnels dans le look &amp; feel de ta marque. Il n&rsquo;y a pas d&rsquo;int\u00e9gration dans mon blog.<\/p>\n<ul>\n<li><strong>Conception<\/strong><\/li>\n<li><strong>Photographie professionnelle en marque blanche (alimentaire)\u00a0<\/strong><\/li>\n<li><strong>D\u00e9veloppement de recettes en marque blanche<\/strong><\/li>\n<li><strong>Textes pour tes propres canaux<\/strong><\/li>\n<\/ul>\n<h3>Native Advertising : ta marque dans le contexte de Bistro Badia<\/h3>\n<p>La cuisine du Levant est tr\u00e8s tendance, au moins depuis Ottolenghi. De plus, le r\u00e9gime m\u00e9diterran\u00e9en est l&rsquo;un des modes d&rsquo;alimentation les plus sains. Bistro Badia est en train de devenir le point de r\u00e9f\u00e9rence pour la cuisine du Levant dans les pays germanophones. Tu souhaites mettre en sc\u00e8ne ta marque dans ce contexte sur Bistro Badia ? Dans ce cas, n&rsquo;h\u00e9site pas \u00e0 nous contacter pour discuter d&rsquo;une coop\u00e9ration.<\/p>\n<p>Ici, ta marque doit toutefois correspondre \u00e0 mon blog &amp; \u00e0 mon style et me convaincre \u00e0 100%.<\/p>\n<ul>\n<li><strong>Photographie alimentaire professionnelle<\/strong><\/li>\n<li><strong>Int\u00e9gration native de ton produit dans mes articles sur le blog et les m\u00e9dias sociaux.<\/strong><\/li>\n<li><strong>Quand je m&rsquo;enflamme pour une cause, je m&rsquo;enflamme vraiment ! Convaincs-moi et je deviendrai l&rsquo;ambassadeur de ta marque !<\/strong><\/li>\n<\/ul>\n<h3>Les m\u00e9dias sociaux : Je prends en charge<\/h3>\n<p>C&rsquo;est avec plaisir que je te soutiendrai dans la mise en \u0153uvre conceptuelle et op\u00e9rationnelle de tes canaux de m\u00e9dias sociaux. De l&rsquo;id\u00e9e et de la strat\u00e9gie \u00e0 la planification \u00e9ditoriale et \u00e0 la publication de tes contributions, tu peux tout me confier. Je veille \u00e0 ce que ta communaut\u00e9 se sente \u00e0 l&rsquo;aise.<\/p>\n<ul>\n<li><strong>Conception et strat\u00e9gie<\/strong><\/li>\n<li><strong>Cr\u00e9ation de contenu<\/strong><\/li>\n<li><strong>Planification \u00e9ditoriale<\/strong><\/li>\n<\/ul>\n<p><a role=\"button\" href=\"https:\/\/bistrobadia.de\/fr\/contact\/\" target=\"_blank\" rel=\"noopener noreferrer\"><br \/>\nContacte-moi !<br \/>\n<\/a><\/p>\n<p>Pour plus d&rsquo;informations et de r\u00e9f\u00e9rences, rendez-vous sur\u00a0<strong><a href=\"http:\/\/www.storymade.de\/\" target=\"_blank\" rel=\"noopener noreferrer\">storymade.de<\/a><\/strong><\/p>\n","protected":false},"excerpt":{"rendered":"<p>Une bonne histoire reste dans la t\u00eate et touche le c\u0153ur. Travaille avec moi ! J&rsquo;ai beaucoup \u00e0 offrir ! Durant l&rsquo;\u00e9t\u00e9 2019, j&rsquo;ai pens\u00e9 que c&rsquo;\u00e9tait maintenant ou jamais et j&rsquo;ai vid\u00e9 mon bureau dans l&rsquo;agence de publicit\u00e9, pleine d&rsquo;\u00e9nergie et d&rsquo;envie de nouveaut\u00e9. J&rsquo;ai d\u00e9licatement rang\u00e9 toutes les plantes branlantes et succulentes de&#8230;<\/p>\n","protected":false},"author":1,"featured_media":0,"parent":0,"menu_order":0,"comment_status":"closed","ping_status":"closed","template":"","meta":{"inline_featured_image":false,"wprm-recipe-roundup-name":"","wprm-recipe-roundup-description":"","_kad_blocks_custom_css":"","_kad_blocks_head_custom_js":"","_kad_blocks_body_custom_js":"","_kad_blocks_footer_custom_js":"","_kad_post_transparent":"","_kad_post_title":"","_kad_post_layout":"","_kad_post_sidebar_id":"","_kad_post_content_style":"","_kad_post_vertical_padding":"","_kad_post_feature":"","_kad_post_feature_position":"","_kad_post_header":false,"_kad_post_footer":false,"_kad_post_classname":"","footnotes":""},"class_list":["post-15312","page","type-page","status-publish","hentry"],"yoast_head":"<!-- This site is optimized with the Yoast SEO Premium plugin v27.3 (Yoast SEO v27.3) - https:\/\/yoast.com\/product\/yoast-seo-premium-wordpress\/ -->\n<title>Content et Social Media Marketing made by Bistro Badia<\/title>\n<meta name=\"description\" content=\"Bistro Badia n&#039;est pas seulement un blog alimentaire, c&#039;est aussi ton partenaire en mati\u00e8re de contenu, de photographie alimentaire et de marketing sur les m\u00e9dias sociaux.\" \/>\n<meta name=\"robots\" content=\"noindex, nofollow\" \/>\n<meta property=\"og:locale\" content=\"fr_FR\" \/>\n<meta property=\"og:type\" content=\"article\" \/>\n<meta property=\"og:title\" content=\"coop\u00e9ration\" \/>\n<meta property=\"og:description\" content=\"Bistro Badia n&#039;est pas seulement un blog alimentaire, c&#039;est aussi ton partenaire en mati\u00e8re de contenu, de photographie alimentaire et de marketing sur les m\u00e9dias sociaux.\" \/>\n<meta property=\"og:url\" content=\"https:\/\/bistrobadia.de\/fr\/coop%c3%a9ration\/\" \/>\n<meta property=\"og:site_name\" content=\"Bistro Badia\" \/>\n<meta property=\"article:publisher\" content=\"https:\/\/www.facebook.com\/bistrobadia\" \/>\n<meta property=\"article:modified_time\" content=\"2024-01-19T13:05:52+00:00\" \/>\n<meta name=\"twitter:card\" content=\"summary_large_image\" \/>\n<meta name=\"twitter:label1\" content=\"Dur\u00e9e de lecture estim\u00e9e\" \/>\n\t<meta name=\"twitter:data1\" content=\"3 minutes\" \/>\n<script type=\"application\/ld+json\" class=\"yoast-schema-graph\">{\"@context\":\"https:\\\/\\\/schema.org\",\"@graph\":[{\"@type\":\"WebPage\",\"@id\":\"https:\\\/\\\/bistrobadia.de\\\/fr\\\/coop%c3%a9ration\\\/\",\"url\":\"https:\\\/\\\/bistrobadia.de\\\/fr\\\/coop%c3%a9ration\\\/\",\"name\":\"Content et Social Media Marketing made by Bistro Badia\",\"isPartOf\":{\"@id\":\"https:\\\/\\\/bistrobadia.de\\\/fr\\\/#website\"},\"datePublished\":\"2020-02-25T14:09:14+00:00\",\"dateModified\":\"2024-01-19T13:05:52+00:00\",\"description\":\"Bistro Badia n'est pas seulement un blog alimentaire, c'est aussi ton partenaire en mati\u00e8re de contenu, de photographie alimentaire et de marketing sur les m\u00e9dias sociaux.\",\"breadcrumb\":{\"@id\":\"https:\\\/\\\/bistrobadia.de\\\/fr\\\/coop%c3%a9ration\\\/#breadcrumb\"},\"inLanguage\":\"fr-FR\",\"potentialAction\":[{\"@type\":\"ReadAction\",\"target\":[\"https:\\\/\\\/bistrobadia.de\\\/fr\\\/coop%c3%a9ration\\\/\"]}]},{\"@type\":\"BreadcrumbList\",\"@id\":\"https:\\\/\\\/bistrobadia.de\\\/fr\\\/coop%c3%a9ration\\\/#breadcrumb\",\"itemListElement\":[{\"@type\":\"ListItem\",\"position\":1,\"name\":\"Accueil\",\"item\":\"https:\\\/\\\/bistrobadia.de\\\/fr\\\/\"},{\"@type\":\"ListItem\",\"position\":2,\"name\":\"coop\u00e9ration\"}]},{\"@type\":\"WebSite\",\"@id\":\"https:\\\/\\\/bistrobadia.de\\\/fr\\\/#website\",\"url\":\"https:\\\/\\\/bistrobadia.de\\\/fr\\\/\",\"name\":\"Bistro Badia\",\"description\":\"Rezepte aus dem Libanon und der Levante\",\"publisher\":{\"@id\":\"https:\\\/\\\/bistrobadia.de\\\/fr\\\/#organization\"},\"potentialAction\":[{\"@type\":\"SearchAction\",\"target\":{\"@type\":\"EntryPoint\",\"urlTemplate\":\"https:\\\/\\\/bistrobadia.de\\\/fr\\\/?s={search_term_string}\"},\"query-input\":{\"@type\":\"PropertyValueSpecification\",\"valueRequired\":true,\"valueName\":\"search_term_string\"}}],\"inLanguage\":\"fr-FR\"},{\"@type\":\"Organization\",\"@id\":\"https:\\\/\\\/bistrobadia.de\\\/fr\\\/#organization\",\"name\":\"Bistro Badia\",\"url\":\"https:\\\/\\\/bistrobadia.de\\\/fr\\\/\",\"logo\":{\"@type\":\"ImageObject\",\"inLanguage\":\"fr-FR\",\"@id\":\"https:\\\/\\\/bistrobadia.de\\\/fr\\\/#\\\/schema\\\/logo\\\/image\\\/\",\"url\":\"https:\\\/\\\/bistrobadia.de\\\/wp-content\\\/uploads\\\/2016\\\/06\\\/kleines-logo-gr\u00fcn.jpg\",\"contentUrl\":\"https:\\\/\\\/bistrobadia.de\\\/wp-content\\\/uploads\\\/2016\\\/06\\\/kleines-logo-gr\u00fcn.jpg\",\"width\":2048,\"height\":1448,\"caption\":\"Bistro Badia\"},\"image\":{\"@id\":\"https:\\\/\\\/bistrobadia.de\\\/fr\\\/#\\\/schema\\\/logo\\\/image\\\/\"},\"sameAs\":[\"https:\\\/\\\/www.facebook.com\\\/bistrobadia\",\"https:\\\/\\\/www.instagram.com\\\/bistrobadia.de\\\/\",\"https:\\\/\\\/www.pinterest.de\\\/bistrobadia\\\/\"]}]}<\/script>\n<!-- \/ Yoast SEO Premium plugin. -->","yoast_head_json":{"title":"Content et Social Media Marketing made by Bistro Badia","description":"Bistro Badia n'est pas seulement un blog alimentaire, c'est aussi ton partenaire en mati\u00e8re de contenu, de photographie alimentaire et de marketing sur les m\u00e9dias sociaux.","robots":{"index":"noindex","follow":"nofollow"},"og_locale":"fr_FR","og_type":"article","og_title":"coop\u00e9ration","og_description":"Bistro Badia n'est pas seulement un blog alimentaire, c'est aussi ton partenaire en mati\u00e8re de contenu, de photographie alimentaire et de marketing sur les m\u00e9dias sociaux.","og_url":"https:\/\/bistrobadia.de\/fr\/coop%c3%a9ration\/","og_site_name":"Bistro Badia","article_publisher":"https:\/\/www.facebook.com\/bistrobadia","article_modified_time":"2024-01-19T13:05:52+00:00","twitter_card":"summary_large_image","twitter_misc":{"Dur\u00e9e de lecture estim\u00e9e":"3 minutes"},"schema":{"@context":"https:\/\/schema.org","@graph":[{"@type":"WebPage","@id":"https:\/\/bistrobadia.de\/fr\/coop%c3%a9ration\/","url":"https:\/\/bistrobadia.de\/fr\/coop%c3%a9ration\/","name":"Content et Social Media Marketing made by Bistro Badia","isPartOf":{"@id":"https:\/\/bistrobadia.de\/fr\/#website"},"datePublished":"2020-02-25T14:09:14+00:00","dateModified":"2024-01-19T13:05:52+00:00","description":"Bistro Badia n'est pas seulement un blog alimentaire, c'est aussi ton partenaire en mati\u00e8re de contenu, de photographie alimentaire et de marketing sur les m\u00e9dias sociaux.","breadcrumb":{"@id":"https:\/\/bistrobadia.de\/fr\/coop%c3%a9ration\/#breadcrumb"},"inLanguage":"fr-FR","potentialAction":[{"@type":"ReadAction","target":["https:\/\/bistrobadia.de\/fr\/coop%c3%a9ration\/"]}]},{"@type":"BreadcrumbList","@id":"https:\/\/bistrobadia.de\/fr\/coop%c3%a9ration\/#breadcrumb","itemListElement":[{"@type":"ListItem","position":1,"name":"Accueil","item":"https:\/\/bistrobadia.de\/fr\/"},{"@type":"ListItem","position":2,"name":"coop\u00e9ration"}]},{"@type":"WebSite","@id":"https:\/\/bistrobadia.de\/fr\/#website","url":"https:\/\/bistrobadia.de\/fr\/","name":"Bistro Badia","description":"Rezepte aus dem Libanon und der Levante","publisher":{"@id":"https:\/\/bistrobadia.de\/fr\/#organization"},"potentialAction":[{"@type":"SearchAction","target":{"@type":"EntryPoint","urlTemplate":"https:\/\/bistrobadia.de\/fr\/?s={search_term_string}"},"query-input":{"@type":"PropertyValueSpecification","valueRequired":true,"valueName":"search_term_string"}}],"inLanguage":"fr-FR"},{"@type":"Organization","@id":"https:\/\/bistrobadia.de\/fr\/#organization","name":"Bistro Badia","url":"https:\/\/bistrobadia.de\/fr\/","logo":{"@type":"ImageObject","inLanguage":"fr-FR","@id":"https:\/\/bistrobadia.de\/fr\/#\/schema\/logo\/image\/","url":"https:\/\/bistrobadia.de\/wp-content\/uploads\/2016\/06\/kleines-logo-gr\u00fcn.jpg","contentUrl":"https:\/\/bistrobadia.de\/wp-content\/uploads\/2016\/06\/kleines-logo-gr\u00fcn.jpg","width":2048,"height":1448,"caption":"Bistro Badia"},"image":{"@id":"https:\/\/bistrobadia.de\/fr\/#\/schema\/logo\/image\/"},"sameAs":["https:\/\/www.facebook.com\/bistrobadia","https:\/\/www.instagram.com\/bistrobadia.de\/","https:\/\/www.pinterest.de\/bistrobadia\/"]}]}},"taxonomy_info":[],"featured_image_src_large":false,"author_info":{"display_name":"Rafik Halabi","author_link":"https:\/\/bistrobadia.de\/fr\/author\/rafik\/"},"comment_info":0,"_links":{"self":[{"href":"https:\/\/bistrobadia.de\/fr\/wp-json\/wp\/v2\/pages\/15312","targetHints":{"allow":["GET"]}}],"collection":[{"href":"https:\/\/bistrobadia.de\/fr\/wp-json\/wp\/v2\/pages"}],"about":[{"href":"https:\/\/bistrobadia.de\/fr\/wp-json\/wp\/v2\/types\/page"}],"author":[{"embeddable":true,"href":"https:\/\/bistrobadia.de\/fr\/wp-json\/wp\/v2\/users\/1"}],"replies":[{"embeddable":true,"href":"https:\/\/bistrobadia.de\/fr\/wp-json\/wp\/v2\/comments?post=15312"}],"version-history":[{"count":0,"href":"https:\/\/bistrobadia.de\/fr\/wp-json\/wp\/v2\/pages\/15312\/revisions"}],"wp:attachment":[{"href":"https:\/\/bistrobadia.de\/fr\/wp-json\/wp\/v2\/media?parent=15312"}],"curies":[{"name":"wp","href":"https:\/\/api.w.org\/{rel}","templated":true}]}}