{"id":15700,"date":"2016-05-05T12:51:44","date_gmt":"2016-05-05T10:51:44","guid":{"rendered":"https:\/\/bistrobadia.de\/ueber-mich\/"},"modified":"2024-01-19T14:00:07","modified_gmt":"2024-01-19T13:00:07","slug":"%c3%a0-propos-de-moi","status":"publish","type":"page","link":"https:\/\/bistrobadia.de\/fr\/%c3%a0-propos-de-moi\/","title":{"rendered":"\u00c0 propos de moi"},"content":{"rendered":"<style>.kb-row-layout-id15700_4ad887-6b > .kt-row-column-wrap{align-content:start;}:where(.kb-row-layout-id15700_4ad887-6b > .kt-row-column-wrap) > .wp-block-kadence-column{justify-content:start;}.kb-row-layout-id15700_4ad887-6b > .kt-row-column-wrap{column-gap:var(--global-kb-gap-md, 2rem);row-gap:var(--global-kb-gap-md, 2rem);padding-top:var(--global-kb-spacing-sm, 1.5rem);padding-bottom:var(--global-kb-spacing-sm, 1.5rem);}.kb-row-layout-id15700_4ad887-6b > .kt-row-column-wrap > div:not(.added-for-specificity){grid-column:initial;}.kb-row-layout-id15700_4ad887-6b > .kt-row-column-wrap{grid-template-columns:minmax(0, 1fr) minmax(0, 6fr) minmax(0, 1fr);}.kb-row-layout-id15700_4ad887-6b > .kt-row-layout-overlay{opacity:0.30;}@media all and (max-width: 1024px){.kb-row-layout-id15700_4ad887-6b > .kt-row-column-wrap > div:not(.added-for-specificity){grid-column:initial;}}@media all and (max-width: 1024px){.kb-row-layout-id15700_4ad887-6b > .kt-row-column-wrap{grid-template-columns:minmax(0, 1fr) minmax(0, 6fr) minmax(0, 1fr);}}@media all and (max-width: 767px){.kb-row-layout-id15700_4ad887-6b > .kt-row-column-wrap > div:not(.added-for-specificity){grid-column:initial;}.kb-row-layout-id15700_4ad887-6b > .kt-row-column-wrap{grid-template-columns:minmax(0, 1fr);}}<\/style><div class=\"kb-row-layout-wrap kb-row-layout-id15700_4ad887-6b alignnone wp-block-kadence-rowlayout\"><div class=\"kt-row-column-wrap kt-has-3-columns kt-row-layout-center-exwide kt-tab-layout-inherit kt-mobile-layout-row kt-row-valign-top\">\n<style>.kadence-column15700_badaa4-96 > .kt-inside-inner-col,.kadence-column15700_badaa4-96 > .kt-inside-inner-col:before{border-top-left-radius:0px;border-top-right-radius:0px;border-bottom-right-radius:0px;border-bottom-left-radius:0px;}.kadence-column15700_badaa4-96 > .kt-inside-inner-col{column-gap:var(--global-kb-gap-sm, 1rem);}.kadence-column15700_badaa4-96 > .kt-inside-inner-col{flex-direction:column;}.kadence-column15700_badaa4-96 > .kt-inside-inner-col > .aligncenter{width:100%;}.kadence-column15700_badaa4-96 > .kt-inside-inner-col:before{opacity:0.3;}.kadence-column15700_badaa4-96{position:relative;}@media all and (max-width: 1024px){.kadence-column15700_badaa4-96 > .kt-inside-inner-col{flex-direction:column;justify-content:center;}}@media all and (max-width: 767px){.kadence-column15700_badaa4-96 > .kt-inside-inner-col{flex-direction:column;justify-content:center;}}<\/style>\n<div class=\"wp-block-kadence-column kadence-column15700_badaa4-96 inner-column-1\"><div class=\"kt-inside-inner-col\"><\/div><\/div>\n\n\n<style>.kadence-column15700_e96887-61 > .kt-inside-inner-col,.kadence-column15700_e96887-61 > .kt-inside-inner-col:before{border-top-left-radius:0px;border-top-right-radius:0px;border-bottom-right-radius:0px;border-bottom-left-radius:0px;}.kadence-column15700_e96887-61 > .kt-inside-inner-col{column-gap:var(--global-kb-gap-sm, 1rem);}.kadence-column15700_e96887-61 > .kt-inside-inner-col{flex-direction:column;}.kadence-column15700_e96887-61 > .kt-inside-inner-col > .aligncenter{width:100%;}.kadence-column15700_e96887-61 > .kt-inside-inner-col:before{opacity:0.3;}.kadence-column15700_e96887-61{position:relative;}@media all and (max-width: 1024px){.kadence-column15700_e96887-61 > .kt-inside-inner-col{flex-direction:column;justify-content:center;}}@media all and (max-width: 767px){.kadence-column15700_e96887-61 > .kt-inside-inner-col{flex-direction:column;justify-content:center;}}<\/style>\n<div class=\"wp-block-kadence-column kadence-column15700_e96887-61 inner-column-2\"><div class=\"kt-inside-inner-col\"><style>.kt-sc15700_47de0d-85 .kt-sc-imgcol, .kt-sc15700_47de0d-85 .kt-sc-textcol{min-height:450px;}.kt-sc15700_47de0d-85 .kt-sc-textcol{padding-top:24px;padding-right:24px;padding-bottom:24px;padding-left:24px;margin-top:0px;margin-right:0px;margin-bottom:0px;margin-left:0px;}@media all and (max-width: 767px){.kt-sc15700_47de0d-85 .kt-sc-imgcol, .kt-sc15700_47de0d-85 .kt-sc-textcol{min-height:450px;}}<\/style>\n<div class=\"aligncenter kt-sc15700_47de0d-85 wp-block-kadence-splitcontent\"><div class=\"kt-split-content-wrap kt-sc-media-side-left\" style=\"grid-template-columns:58% auto\"><div class=\"kt-sc-imgcol kt-sc-imgcol-bg-auto kt-sc-img-side-left\"><figure class=\"kt-split-content-media-image wp-image-container-10724\"><img decoding=\"async\" width=\"1500\" height=\"1125\" data-src=\"https:\/\/bistrobadia.de\/wp-content\/uploads\/2022\/09\/rafik-halabi-bistro-badia-1.jpg\" alt=\"\" class=\"kt-split-content-img wp-image-10724 lazyload\" data-srcset=\"https:\/\/bistrobadia.de\/wp-content\/uploads\/2022\/09\/rafik-halabi-bistro-badia-1.jpg 1500w, https:\/\/bistrobadia.de\/wp-content\/uploads\/2022\/09\/rafik-halabi-bistro-badia-1-300x225.jpg 300w, https:\/\/bistrobadia.de\/wp-content\/uploads\/2022\/09\/rafik-halabi-bistro-badia-1-1024x768.jpg 1024w, https:\/\/bistrobadia.de\/wp-content\/uploads\/2022\/09\/rafik-halabi-bistro-badia-1-768x576.jpg 768w, https:\/\/bistrobadia.de\/wp-content\/uploads\/2022\/09\/rafik-halabi-bistro-badia-1-500x375.jpg 500w\" data-sizes=\"(max-width: 1500px) 100vw, 1500px\" src=\"data:image\/svg+xml;base64,PHN2ZyB3aWR0aD0iMSIgaGVpZ2h0PSIxIiB4bWxucz0iaHR0cDovL3d3dy53My5vcmcvMjAwMC9zdmciPjwvc3ZnPg==\" style=\"--smush-placeholder-width: 1500px; --smush-placeholder-aspect-ratio: 1500\/1125;\" \/><\/figure><\/div><div class=\"kt-sc-textcol kt-sc-text-valign-center kt-sc-text-halign-center\"><div class=\"kt-sc-innter-col\"><style>.wp-block-kadence-advancedheading.kt-adv-heading15700_77afac-43, .wp-block-kadence-advancedheading.kt-adv-heading15700_77afac-43[data-kb-block=\"kb-adv-heading15700_77afac-43\"]{font-style:normal;}.wp-block-kadence-advancedheading.kt-adv-heading15700_77afac-43 mark.kt-highlight, .wp-block-kadence-advancedheading.kt-adv-heading15700_77afac-43[data-kb-block=\"kb-adv-heading15700_77afac-43\"] mark.kt-highlight{font-style:normal;color:#f76a0c;-webkit-box-decoration-break:clone;box-decoration-break:clone;padding-top:0px;padding-right:0px;padding-bottom:0px;padding-left:0px;}.wp-block-kadence-advancedheading.kt-adv-heading15700_77afac-43 img.kb-inline-image, .wp-block-kadence-advancedheading.kt-adv-heading15700_77afac-43[data-kb-block=\"kb-adv-heading15700_77afac-43\"] img.kb-inline-image{width:150px;vertical-align:baseline;}<\/style>\n<h2 class=\"kt-adv-heading15700_77afac-43 wp-block-kadence-advancedheading\" data-kb-block=\"kb-adv-heading15700_77afac-43\">Soyez les bienvenus !<\/h2>\n<\/div><\/div><\/div><\/div>\n<\/div><\/div>\n\n\n<style>.kadence-column15700_4549f6-d1 > .kt-inside-inner-col,.kadence-column15700_4549f6-d1 > .kt-inside-inner-col:before{border-top-left-radius:0px;border-top-right-radius:0px;border-bottom-right-radius:0px;border-bottom-left-radius:0px;}.kadence-column15700_4549f6-d1 > .kt-inside-inner-col{column-gap:var(--global-kb-gap-sm, 1rem);}.kadence-column15700_4549f6-d1 > .kt-inside-inner-col{flex-direction:column;}.kadence-column15700_4549f6-d1 > .kt-inside-inner-col > .aligncenter{width:100%;}.kadence-column15700_4549f6-d1 > .kt-inside-inner-col:before{opacity:0.3;}.kadence-column15700_4549f6-d1{position:relative;}@media all and (max-width: 1024px){.kadence-column15700_4549f6-d1 > .kt-inside-inner-col{flex-direction:column;justify-content:center;}}@media all and (max-width: 767px){.kadence-column15700_4549f6-d1 > .kt-inside-inner-col{flex-direction:column;justify-content:center;}}<\/style>\n<div class=\"wp-block-kadence-column kadence-column15700_4549f6-d1 inner-column-3\"><div class=\"kt-inside-inner-col\"><\/div><\/div>\n\n<\/div><\/div>\n\n<style>.kb-row-layout-id15700_c7b33a-76 > .kt-row-column-wrap{align-content:start;}:where(.kb-row-layout-id15700_c7b33a-76 > .kt-row-column-wrap) > .wp-block-kadence-column{justify-content:start;}.kb-row-layout-id15700_c7b33a-76 > .kt-row-column-wrap{column-gap:var(--global-kb-gap-md, 2rem);row-gap:var(--global-kb-gap-md, 2rem);padding-top:var(--global-kb-spacing-sm, 1.5rem);padding-bottom:var(--global-kb-spacing-sm, 1.5rem);}.kb-row-layout-id15700_c7b33a-76 > .kt-row-column-wrap > div:not(.added-for-specificity){grid-column:initial;}.kb-row-layout-id15700_c7b33a-76 > .kt-row-column-wrap{grid-template-columns:minmax(0, 1fr) minmax(0, 6fr) minmax(0, 1fr);}.kb-row-layout-id15700_c7b33a-76 > .kt-row-layout-overlay{opacity:0.30;}@media all and (max-width: 1024px){.kb-row-layout-id15700_c7b33a-76 > .kt-row-column-wrap > div:not(.added-for-specificity){grid-column:initial;}}@media all and (max-width: 1024px){.kb-row-layout-id15700_c7b33a-76 > .kt-row-column-wrap{grid-template-columns:minmax(0, 1fr) minmax(0, 6fr) minmax(0, 1fr);}}@media all and (max-width: 767px){.kb-row-layout-id15700_c7b33a-76 > .kt-row-column-wrap > div:not(.added-for-specificity){grid-column:initial;}.kb-row-layout-id15700_c7b33a-76 > .kt-row-column-wrap{grid-template-columns:minmax(0, 1fr);}}<\/style><div class=\"kb-row-layout-wrap kb-row-layout-id15700_c7b33a-76 alignnone wp-block-kadence-rowlayout\"><div class=\"kt-row-column-wrap kt-has-3-columns kt-row-layout-center-exwide kt-tab-layout-inherit kt-mobile-layout-row kt-row-valign-top\">\n<style>.kadence-column15700_feee3f-d2 > .kt-inside-inner-col,.kadence-column15700_feee3f-d2 > .kt-inside-inner-col:before{border-top-left-radius:0px;border-top-right-radius:0px;border-bottom-right-radius:0px;border-bottom-left-radius:0px;}.kadence-column15700_feee3f-d2 > .kt-inside-inner-col{column-gap:var(--global-kb-gap-sm, 1rem);}.kadence-column15700_feee3f-d2 > .kt-inside-inner-col{flex-direction:column;}.kadence-column15700_feee3f-d2 > .kt-inside-inner-col > .aligncenter{width:100%;}.kadence-column15700_feee3f-d2 > .kt-inside-inner-col:before{opacity:0.3;}.kadence-column15700_feee3f-d2{position:relative;}@media all and (max-width: 1024px){.kadence-column15700_feee3f-d2 > .kt-inside-inner-col{flex-direction:column;justify-content:center;}}@media all and (max-width: 767px){.kadence-column15700_feee3f-d2 > .kt-inside-inner-col{flex-direction:column;justify-content:center;}}<\/style>\n<div class=\"wp-block-kadence-column kadence-column15700_feee3f-d2 inner-column-1\"><div class=\"kt-inside-inner-col\"><\/div><\/div>\n\n\n<style>.kadence-column15700_f780c0-85 > .kt-inside-inner-col,.kadence-column15700_f780c0-85 > .kt-inside-inner-col:before{border-top-left-radius:0px;border-top-right-radius:0px;border-bottom-right-radius:0px;border-bottom-left-radius:0px;}.kadence-column15700_f780c0-85 > .kt-inside-inner-col{column-gap:var(--global-kb-gap-sm, 1rem);}.kadence-column15700_f780c0-85 > .kt-inside-inner-col{flex-direction:column;}.kadence-column15700_f780c0-85 > .kt-inside-inner-col > .aligncenter{width:100%;}.kadence-column15700_f780c0-85 > .kt-inside-inner-col:before{opacity:0.3;}.kadence-column15700_f780c0-85{position:relative;}@media all and (max-width: 1024px){.kadence-column15700_f780c0-85 > .kt-inside-inner-col{flex-direction:column;justify-content:center;}}@media all and (max-width: 767px){.kadence-column15700_f780c0-85 > .kt-inside-inner-col{flex-direction:column;justify-content:center;}}<\/style>\n<div class=\"wp-block-kadence-column kadence-column15700_f780c0-85 inner-column-2\"><div class=\"kt-inside-inner-col\">\n<p>Bienvenue sur Bistro Badia ! Je m&rsquo;appelle Rafik et je suis vraiment tr\u00e8s heureux que tu sois ici !<br>Bistro Badia est consacr\u00e9 \u00e0 la cuisine libanaise et levantine, ou plut\u00f4t \u00e0 la cuisine de ma famille. Depuis que j&rsquo;ai appris \u00e0 me tenir debout quand j&rsquo;\u00e9tais enfant, j&rsquo;ai toujours aim\u00e9 me retrouver dans la cuisine de ma m\u00e8re. D&rsquo;une part, parce que l&rsquo;odeur y \u00e9tait toujours incroyablement d\u00e9licieuse et que j&rsquo;\u00e9tais (suis) un glouton, d&rsquo;autre part parce que j&rsquo;\u00e9tais incroyablement fascin\u00e9 par le d\u00e9vouement avec lequel ma m\u00e8re concoctait les repas les plus savoureux \u00e0 partir de quelques ingr\u00e9dients \u00e0 l&rsquo;aspect parfois \u00e9trange ou ennuyeux.<\/p>\n\n\n\n<p>Mes trois fr\u00e8res et s\u0153urs et moi n&rsquo;\u00e9tions pas les enfants les plus calmes, mais d&rsquo;une mani\u00e8re ou d&rsquo;une autre, elle parvenait \u00e0 danser autour de nous dans la cuisine jusqu&rsquo;\u00e0 ce que le repas soit pr\u00eat et que nos ventres soient pleins. Ce qui nous plaisait le plus, c&rsquo;\u00e9tait quand elle nous donnait un petit avant-go\u00fbt juste avant de commencer \u00e0 dresser les plats. Si nous \u00e9tions satisfaits, le repas \u00e9tait servi. Si nous n&rsquo;\u00e9tions pas satisfaits, nous devions quand m\u00eame le manger. \ud83d\ude09<\/p>\n\n\n\n<p>Ma m\u00e8re s&rsquo;appelle d&rsquo;ailleurs Badia &#8211; et, outre ma passion pour la cuisine et la bonne ch\u00e8re, je lui dois tant d&rsquo;autres choses. Lorsque j&rsquo;ai eu l&rsquo;id\u00e9e de lancer un blog sur l&rsquo;alimentation, il m&rsquo;a tout de suite sembl\u00e9 \u00e9vident qu&rsquo;il serait consacr\u00e9 aux plats de ma famille &#8211; et que le blog porterait le nom de ma m\u00e8re. De nombreuses recettes libanaises et levantines t&rsquo;attendent ici au fil du temps. Presque toutes les recettes m&rsquo;ont \u00e9t\u00e9 enseign\u00e9es par Badia &#8211; et elle les a presque toutes apprises de sa m\u00e8re ou de ses fr\u00e8res et s\u0153urs. Il est certain que les recettes familiales ont chang\u00e9 de g\u00e9n\u00e9ration en g\u00e9n\u00e9ration et qu&rsquo;il en sera de m\u00eame cette fois-ci. C&rsquo;est pourquoi j&rsquo;aime aussi regarder au-del\u00e0 des fronti\u00e8res de l&rsquo;assiette. De temps en temps, il y aura donc aussi des recettes que j&rsquo;ai apprises de ma m\u00e8re, mais que j&rsquo;ai r\u00e9interpr\u00e9t\u00e9es pour le plaisir de cuisiner. C&rsquo;est aussi l&rsquo;amour de la fusion food qui m&rsquo;anime &#8211; un grand m\u00e9lange de saveurs du Levant et du monde t&rsquo;attend donc.<\/p>\n\n\n\n<p>Mon objectif est de cr\u00e9er un blog alimentaire tr\u00e8s personnel qui, outre de d\u00e9licieuses recettes libanaises traditionnelles, laisse la place \u00e0 quelques souvenirs et histoires personnelles et se r\u00e9invente de temps en temps sans perdre ses racines.<\/p>\n\n\n\n<p>Je te souhaite beaucoup de plaisir chez moi. Fais comme chez toi.<\/p>\n\n\n\n<p>Bon app\u00e9tit !<\/p>\n<\/div><\/div>\n\n\n<style>.kadence-column15700_608ba1-2f > .kt-inside-inner-col,.kadence-column15700_608ba1-2f > .kt-inside-inner-col:before{border-top-left-radius:0px;border-top-right-radius:0px;border-bottom-right-radius:0px;border-bottom-left-radius:0px;}.kadence-column15700_608ba1-2f > .kt-inside-inner-col{column-gap:var(--global-kb-gap-sm, 1rem);}.kadence-column15700_608ba1-2f > .kt-inside-inner-col{flex-direction:column;}.kadence-column15700_608ba1-2f > .kt-inside-inner-col > .aligncenter{width:100%;}.kadence-column15700_608ba1-2f > .kt-inside-inner-col:before{opacity:0.3;}.kadence-column15700_608ba1-2f{position:relative;}@media all and (max-width: 1024px){.kadence-column15700_608ba1-2f > .kt-inside-inner-col{flex-direction:column;justify-content:center;}}@media all and (max-width: 767px){.kadence-column15700_608ba1-2f > .kt-inside-inner-col{flex-direction:column;justify-content:center;}}<\/style>\n<div class=\"wp-block-kadence-column kadence-column15700_608ba1-2f inner-column-3\"><div class=\"kt-inside-inner-col\"><\/div><\/div>\n\n<\/div><\/div>","protected":false},"excerpt":{"rendered":"<p>Bienvenue sur Bistro Badia ! Je m&rsquo;appelle Rafik et je suis vraiment tr\u00e8s heureux que tu sois ici !Bistro Badia est consacr\u00e9 \u00e0 la cuisine libanaise et levantine, ou plut\u00f4t \u00e0 la cuisine de ma famille. Depuis que j&rsquo;ai appris \u00e0 me tenir debout quand j&rsquo;\u00e9tais enfant, j&rsquo;ai toujours aim\u00e9 me retrouver dans la cuisine&#8230;<\/p>\n","protected":false},"author":1,"featured_media":0,"parent":0,"menu_order":0,"comment_status":"closed","ping_status":"closed","template":"","meta":{"inline_featured_image":false,"wprm-recipe-roundup-name":"","wprm-recipe-roundup-description":"","_kad_blocks_custom_css":"","_kad_blocks_head_custom_js":"","_kad_blocks_body_custom_js":"","_kad_blocks_footer_custom_js":"","_kad_post_transparent":"","_kad_post_title":"","_kad_post_layout":"","_kad_post_sidebar_id":"","_kad_post_content_style":"","_kad_post_vertical_padding":"","_kad_post_feature":"","_kad_post_feature_position":"","_kad_post_header":false,"_kad_post_footer":false,"_kad_post_classname":"","footnotes":""},"class_list":["post-15700","page","type-page","status-publish","hentry"],"yoast_head":"<!-- This site is optimized with the Yoast SEO Premium plugin v27.3 (Yoast SEO v27.3) - https:\/\/yoast.com\/product\/yoast-seo-premium-wordpress\/ -->\n<title>A propos de moi | Bistro Badia<\/title>\n<meta name=\"robots\" content=\"index, follow, max-snippet:-1, max-image-preview:large, max-video-preview:-1\" \/>\n<link rel=\"canonical\" href=\"https:\/\/bistrobadia.de\/fr\/%c3%a0-propos-de-moi\/\" \/>\n<meta property=\"og:locale\" content=\"fr_FR\" \/>\n<meta property=\"og:type\" content=\"article\" \/>\n<meta property=\"og:title\" content=\"\u00c0 propos de moi\" \/>\n<meta property=\"og:description\" content=\"Bienvenue sur Bistro Badia ! Je m&rsquo;appelle Rafik et je suis vraiment tr\u00e8s heureux que tu sois ici !Bistro Badia est consacr\u00e9 \u00e0 la cuisine libanaise et levantine, ou plut\u00f4t \u00e0 la cuisine de ma famille. Depuis que j&rsquo;ai appris \u00e0 me tenir debout quand j&rsquo;\u00e9tais enfant, j&rsquo;ai toujours aim\u00e9 me retrouver dans la cuisine...\" \/>\n<meta property=\"og:url\" content=\"https:\/\/bistrobadia.de\/fr\/%c3%a0-propos-de-moi\/\" \/>\n<meta property=\"og:site_name\" content=\"Bistro Badia\" \/>\n<meta property=\"article:publisher\" content=\"https:\/\/www.facebook.com\/bistrobadia\" \/>\n<meta property=\"article:modified_time\" content=\"2024-01-19T13:00:07+00:00\" \/>\n<meta property=\"og:image\" content=\"https:\/\/bistrobadia.de\/wp-content\/uploads\/2022\/09\/rafik-halabi-bistro-badia-1.jpg\" \/>\n<meta name=\"twitter:card\" content=\"summary_large_image\" \/>\n<meta name=\"twitter:label1\" content=\"Dur\u00e9e de lecture estim\u00e9e\" \/>\n\t<meta name=\"twitter:data1\" content=\"3 minutes\" \/>\n<script type=\"application\/ld+json\" class=\"yoast-schema-graph\">{\"@context\":\"https:\\\/\\\/schema.org\",\"@graph\":[{\"@type\":\"WebPage\",\"@id\":\"https:\\\/\\\/bistrobadia.de\\\/fr\\\/%c3%a0-propos-de-moi\\\/\",\"url\":\"https:\\\/\\\/bistrobadia.de\\\/fr\\\/%c3%a0-propos-de-moi\\\/\",\"name\":\"A propos de moi | Bistro Badia\",\"isPartOf\":{\"@id\":\"https:\\\/\\\/bistrobadia.de\\\/fr\\\/#website\"},\"primaryImageOfPage\":{\"@id\":\"https:\\\/\\\/bistrobadia.de\\\/fr\\\/%c3%a0-propos-de-moi\\\/#primaryimage\"},\"image\":{\"@id\":\"https:\\\/\\\/bistrobadia.de\\\/fr\\\/%c3%a0-propos-de-moi\\\/#primaryimage\"},\"thumbnailUrl\":\"https:\\\/\\\/bistrobadia.de\\\/wp-content\\\/uploads\\\/2022\\\/09\\\/rafik-halabi-bistro-badia-1.jpg\",\"datePublished\":\"2016-05-05T10:51:44+00:00\",\"dateModified\":\"2024-01-19T13:00:07+00:00\",\"breadcrumb\":{\"@id\":\"https:\\\/\\\/bistrobadia.de\\\/fr\\\/%c3%a0-propos-de-moi\\\/#breadcrumb\"},\"inLanguage\":\"fr-FR\",\"potentialAction\":[{\"@type\":\"ReadAction\",\"target\":[\"https:\\\/\\\/bistrobadia.de\\\/fr\\\/%c3%a0-propos-de-moi\\\/\"]}]},{\"@type\":\"ImageObject\",\"inLanguage\":\"fr-FR\",\"@id\":\"https:\\\/\\\/bistrobadia.de\\\/fr\\\/%c3%a0-propos-de-moi\\\/#primaryimage\",\"url\":\"https:\\\/\\\/bistrobadia.de\\\/wp-content\\\/uploads\\\/2022\\\/09\\\/rafik-halabi-bistro-badia-1.jpg\",\"contentUrl\":\"https:\\\/\\\/bistrobadia.de\\\/wp-content\\\/uploads\\\/2022\\\/09\\\/rafik-halabi-bistro-badia-1.jpg\"},{\"@type\":\"BreadcrumbList\",\"@id\":\"https:\\\/\\\/bistrobadia.de\\\/fr\\\/%c3%a0-propos-de-moi\\\/#breadcrumb\",\"itemListElement\":[{\"@type\":\"ListItem\",\"position\":1,\"name\":\"Accueil\",\"item\":\"https:\\\/\\\/bistrobadia.de\\\/fr\\\/\"},{\"@type\":\"ListItem\",\"position\":2,\"name\":\"\u00c0 propos de moi\"}]},{\"@type\":\"WebSite\",\"@id\":\"https:\\\/\\\/bistrobadia.de\\\/fr\\\/#website\",\"url\":\"https:\\\/\\\/bistrobadia.de\\\/fr\\\/\",\"name\":\"Bistro Badia\",\"description\":\"Rezepte aus dem Libanon und der Levante\",\"publisher\":{\"@id\":\"https:\\\/\\\/bistrobadia.de\\\/fr\\\/#organization\"},\"potentialAction\":[{\"@type\":\"SearchAction\",\"target\":{\"@type\":\"EntryPoint\",\"urlTemplate\":\"https:\\\/\\\/bistrobadia.de\\\/fr\\\/?s={search_term_string}\"},\"query-input\":{\"@type\":\"PropertyValueSpecification\",\"valueRequired\":true,\"valueName\":\"search_term_string\"}}],\"inLanguage\":\"fr-FR\"},{\"@type\":\"Organization\",\"@id\":\"https:\\\/\\\/bistrobadia.de\\\/fr\\\/#organization\",\"name\":\"Bistro Badia\",\"url\":\"https:\\\/\\\/bistrobadia.de\\\/fr\\\/\",\"logo\":{\"@type\":\"ImageObject\",\"inLanguage\":\"fr-FR\",\"@id\":\"https:\\\/\\\/bistrobadia.de\\\/fr\\\/#\\\/schema\\\/logo\\\/image\\\/\",\"url\":\"https:\\\/\\\/bistrobadia.de\\\/wp-content\\\/uploads\\\/2016\\\/06\\\/kleines-logo-gr\u00fcn.jpg\",\"contentUrl\":\"https:\\\/\\\/bistrobadia.de\\\/wp-content\\\/uploads\\\/2016\\\/06\\\/kleines-logo-gr\u00fcn.jpg\",\"width\":2048,\"height\":1448,\"caption\":\"Bistro Badia\"},\"image\":{\"@id\":\"https:\\\/\\\/bistrobadia.de\\\/fr\\\/#\\\/schema\\\/logo\\\/image\\\/\"},\"sameAs\":[\"https:\\\/\\\/www.facebook.com\\\/bistrobadia\",\"https:\\\/\\\/www.instagram.com\\\/bistrobadia.de\\\/\",\"https:\\\/\\\/www.pinterest.de\\\/bistrobadia\\\/\"]}]}<\/script>\n<!-- \/ Yoast SEO Premium plugin. -->","yoast_head_json":{"title":"A propos de moi | Bistro Badia","robots":{"index":"index","follow":"follow","max-snippet":"max-snippet:-1","max-image-preview":"max-image-preview:large","max-video-preview":"max-video-preview:-1"},"canonical":"https:\/\/bistrobadia.de\/fr\/%c3%a0-propos-de-moi\/","og_locale":"fr_FR","og_type":"article","og_title":"\u00c0 propos de moi","og_description":"Bienvenue sur Bistro Badia ! Je m&rsquo;appelle Rafik et je suis vraiment tr\u00e8s heureux que tu sois ici !Bistro Badia est consacr\u00e9 \u00e0 la cuisine libanaise et levantine, ou plut\u00f4t \u00e0 la cuisine de ma famille. Depuis que j&rsquo;ai appris \u00e0 me tenir debout quand j&rsquo;\u00e9tais enfant, j&rsquo;ai toujours aim\u00e9 me retrouver dans la cuisine...","og_url":"https:\/\/bistrobadia.de\/fr\/%c3%a0-propos-de-moi\/","og_site_name":"Bistro Badia","article_publisher":"https:\/\/www.facebook.com\/bistrobadia","article_modified_time":"2024-01-19T13:00:07+00:00","og_image":[{"url":"https:\/\/bistrobadia.de\/wp-content\/uploads\/2022\/09\/rafik-halabi-bistro-badia-1.jpg","type":"","width":"","height":""}],"twitter_card":"summary_large_image","twitter_misc":{"Dur\u00e9e de lecture estim\u00e9e":"3 minutes"},"schema":{"@context":"https:\/\/schema.org","@graph":[{"@type":"WebPage","@id":"https:\/\/bistrobadia.de\/fr\/%c3%a0-propos-de-moi\/","url":"https:\/\/bistrobadia.de\/fr\/%c3%a0-propos-de-moi\/","name":"A propos de moi | Bistro Badia","isPartOf":{"@id":"https:\/\/bistrobadia.de\/fr\/#website"},"primaryImageOfPage":{"@id":"https:\/\/bistrobadia.de\/fr\/%c3%a0-propos-de-moi\/#primaryimage"},"image":{"@id":"https:\/\/bistrobadia.de\/fr\/%c3%a0-propos-de-moi\/#primaryimage"},"thumbnailUrl":"https:\/\/bistrobadia.de\/wp-content\/uploads\/2022\/09\/rafik-halabi-bistro-badia-1.jpg","datePublished":"2016-05-05T10:51:44+00:00","dateModified":"2024-01-19T13:00:07+00:00","breadcrumb":{"@id":"https:\/\/bistrobadia.de\/fr\/%c3%a0-propos-de-moi\/#breadcrumb"},"inLanguage":"fr-FR","potentialAction":[{"@type":"ReadAction","target":["https:\/\/bistrobadia.de\/fr\/%c3%a0-propos-de-moi\/"]}]},{"@type":"ImageObject","inLanguage":"fr-FR","@id":"https:\/\/bistrobadia.de\/fr\/%c3%a0-propos-de-moi\/#primaryimage","url":"https:\/\/bistrobadia.de\/wp-content\/uploads\/2022\/09\/rafik-halabi-bistro-badia-1.jpg","contentUrl":"https:\/\/bistrobadia.de\/wp-content\/uploads\/2022\/09\/rafik-halabi-bistro-badia-1.jpg"},{"@type":"BreadcrumbList","@id":"https:\/\/bistrobadia.de\/fr\/%c3%a0-propos-de-moi\/#breadcrumb","itemListElement":[{"@type":"ListItem","position":1,"name":"Accueil","item":"https:\/\/bistrobadia.de\/fr\/"},{"@type":"ListItem","position":2,"name":"\u00c0 propos de moi"}]},{"@type":"WebSite","@id":"https:\/\/bistrobadia.de\/fr\/#website","url":"https:\/\/bistrobadia.de\/fr\/","name":"Bistro Badia","description":"Rezepte aus dem Libanon und der Levante","publisher":{"@id":"https:\/\/bistrobadia.de\/fr\/#organization"},"potentialAction":[{"@type":"SearchAction","target":{"@type":"EntryPoint","urlTemplate":"https:\/\/bistrobadia.de\/fr\/?s={search_term_string}"},"query-input":{"@type":"PropertyValueSpecification","valueRequired":true,"valueName":"search_term_string"}}],"inLanguage":"fr-FR"},{"@type":"Organization","@id":"https:\/\/bistrobadia.de\/fr\/#organization","name":"Bistro Badia","url":"https:\/\/bistrobadia.de\/fr\/","logo":{"@type":"ImageObject","inLanguage":"fr-FR","@id":"https:\/\/bistrobadia.de\/fr\/#\/schema\/logo\/image\/","url":"https:\/\/bistrobadia.de\/wp-content\/uploads\/2016\/06\/kleines-logo-gr\u00fcn.jpg","contentUrl":"https:\/\/bistrobadia.de\/wp-content\/uploads\/2016\/06\/kleines-logo-gr\u00fcn.jpg","width":2048,"height":1448,"caption":"Bistro Badia"},"image":{"@id":"https:\/\/bistrobadia.de\/fr\/#\/schema\/logo\/image\/"},"sameAs":["https:\/\/www.facebook.com\/bistrobadia","https:\/\/www.instagram.com\/bistrobadia.de\/","https:\/\/www.pinterest.de\/bistrobadia\/"]}]}},"taxonomy_info":[],"featured_image_src_large":false,"author_info":{"display_name":"Rafik Halabi","author_link":"https:\/\/bistrobadia.de\/fr\/author\/rafik\/"},"comment_info":0,"_links":{"self":[{"href":"https:\/\/bistrobadia.de\/fr\/wp-json\/wp\/v2\/pages\/15700","targetHints":{"allow":["GET"]}}],"collection":[{"href":"https:\/\/bistrobadia.de\/fr\/wp-json\/wp\/v2\/pages"}],"about":[{"href":"https:\/\/bistrobadia.de\/fr\/wp-json\/wp\/v2\/types\/page"}],"author":[{"embeddable":true,"href":"https:\/\/bistrobadia.de\/fr\/wp-json\/wp\/v2\/users\/1"}],"replies":[{"embeddable":true,"href":"https:\/\/bistrobadia.de\/fr\/wp-json\/wp\/v2\/comments?post=15700"}],"version-history":[{"count":0,"href":"https:\/\/bistrobadia.de\/fr\/wp-json\/wp\/v2\/pages\/15700\/revisions"}],"wp:attachment":[{"href":"https:\/\/bistrobadia.de\/fr\/wp-json\/wp\/v2\/media?parent=15700"}],"curies":[{"name":"wp","href":"https:\/\/api.w.org\/{rel}","templated":true}]}}