{"id":15170,"date":"2016-05-05T12:52:05","date_gmt":"2016-05-05T10:52:05","guid":{"rendered":"https:\/\/bistrobadia.de\/impressum\/"},"modified":"2024-01-09T10:18:45","modified_gmt":"2024-01-09T09:18:45","slug":"carimbo","status":"publish","type":"page","link":"https:\/\/bistrobadia.de\/pt\/carimbo\/","title":{"rendered":"Impress\u00e3o"},"content":{"rendered":"<div id=\"inner-wrap\" class=\"wrap hfeed kt-clear\">\n<div id=\"primary\" class=\"content-area\">\n<div class=\"content-container site-container\"><main id=\"main\" class=\"site-main\" role=\"main\"><\/p>\n<div class=\"content-wrap\">\n<article id=\"post-106\" class=\"entry content-bg single-entry post-106 page type-page status-publish hentry mv-content-wrapper\">\n<div class=\"entry-content-wrap\">\n<div class=\"entry-content single-content\">\n<h1>Impress\u00e3o<\/h1>\n<h2>Informa\u00e7\u00e3o de acordo com \u00a7 5 TMG:<\/h2>\n<p>Rafik Halabi<br \/>\nBistro Badia<br \/>\nVolksgartenstr. 27<br \/>\n40227 D\u00fcsseldorf<\/p>\n<h2>Contacto:<\/h2>\n<p>Correio eletr\u00f3nico: info@bistrobadia.de<\/p>\n<h2>Respons\u00e1vel pelo conte\u00fado de acordo com \u00a7 55 par. 2 RStV:<\/h2>\n<p>Rafik Halabi<br \/>\nVolksgartenstr. 27<br \/>\n40227 D\u00fcsseldorf<\/p>\n<h2>Resolu\u00e7\u00e3o de disputas<\/h2>\n<p>A Comiss\u00e3o Europeia fornece uma plataforma para a resolu\u00e7\u00e3o de lit\u00edgios em linha (ODR):\u00a0<a href=\"https:\/\/ec.europa.eu\/consumers\/odr\" target=\"_blank\" rel=\"noopener noreferrer\">https:\/\/ec.europa.eu\/consumers\/odr<\/a>.<br \/>\nPode encontrar o nosso endere\u00e7o de correio electr\u00f3nico na impress\u00e3o acima.<\/p>\n<p>N\u00e3o estamos dispostos ou obrigados a participar em processos de resolu\u00e7\u00e3o de lit\u00edgios perante uma comiss\u00e3o de arbitragem de consumidores.<\/p>\n<h3>Responsabilidade pelo conte\u00fado<\/h3>\n<p>Como prestador de servi\u00e7os, somos respons\u00e1veis pelo nosso pr\u00f3prio conte\u00fado nestas p\u00e1ginas, em conformidade com a legisla\u00e7\u00e3o geral, nos termos do artigo 7 (1) da Lei alem\u00e3 de Telemedia (TMG). No entanto, de acordo com \u00a7\u00a7 8 a 10 TMG, n\u00e3o somos obrigados, como prestador de servi\u00e7os, a monitorizar informa\u00e7\u00f5es transmitidas ou armazenadas por terceiros ou a investigar circunst\u00e2ncias que indiquem actividade ilegal.<\/p>\n<p>As obriga\u00e7\u00f5es de remover ou bloquear a utiliza\u00e7\u00e3o da informa\u00e7\u00e3o de acordo com as leis gerais n\u00e3o s\u00e3o afectadas por isto. No entanto, a responsabilidade a este respeito s\u00f3 \u00e9 poss\u00edvel a partir do momento em que se tem conhecimento de uma infrac\u00e7\u00e3o concreta. Se tivermos conhecimento de infrac\u00e7\u00f5es correspondentes, removeremos imediatamente este conte\u00fado.<\/p>\n<h3>Responsabilidade por liga\u00e7\u00f5es<\/h3>\n<p>A nossa oferta cont\u00e9m links para websites externos de terceiros, sobre cujos conte\u00fados n\u00e3o temos qualquer influ\u00eancia. Por conseguinte, n\u00e3o podemos assumir qualquer responsabilidade por estes conte\u00fados externos. O respectivo fornecedor ou operador das p\u00e1ginas \u00e9 sempre respons\u00e1vel pelo conte\u00fado das p\u00e1ginas ligadas. As p\u00e1ginas ligadas foram verificadas quanto a poss\u00edveis viola\u00e7\u00f5es legais no momento da liga\u00e7\u00e3o. Os conte\u00fados ilegais n\u00e3o eram reconhec\u00edveis no momento da liga\u00e7\u00e3o.<\/p>\n<p>No entanto, um controlo permanente do conte\u00fado das p\u00e1ginas ligadas n\u00e3o \u00e9 razo\u00e1vel sem provas concretas de uma viola\u00e7\u00e3o da lei. Se tomarmos conhecimento de quaisquer infrac\u00e7\u00f5es \u00e0 lei, removeremos imediatamente tais liga\u00e7\u00f5es.<\/p>\n<h3>Direitos de autor<\/h3>\n<p>Os conte\u00fados e obras criados pelos operadores do s\u00edtio nestas p\u00e1ginas est\u00e3o sujeitos \u00e0 lei alem\u00e3 de direitos de autor. A duplica\u00e7\u00e3o, processamento, distribui\u00e7\u00e3o e qualquer tipo de explora\u00e7\u00e3o fora dos limites da lei de direitos de autor requerem o consentimento escrito do respectivo autor ou criador. Os downloads e c\u00f3pias deste site s\u00f3 s\u00e3o permitidos para uso privado e n\u00e3o comercial.<\/p>\n<p>Na medida em que o conte\u00fado desta p\u00e1gina n\u00e3o tenha sido criado pelo operador, os direitos de autor de terceiros s\u00e3o respeitados. Em particular, o conte\u00fado de terceiros \u00e9 identificado como tal. No entanto, se tiver conhecimento de uma viola\u00e7\u00e3o dos direitos de autor, informe-nos em conformidade. Se tivermos conhecimento de qualquer infrac\u00e7\u00e3o, removeremos imediatamente esse conte\u00fado.<\/p>\n<h1>Aviso do S\u00edtio<\/h1>\n<h2>Informa\u00e7\u00e3o fornecida de acordo com o Sec. 5 da Lei Alem\u00e3 de Telemedia (TMG):<\/h2>\n<p>Rafik Halabi<br \/>\nBistro Badia<br \/>\nVolksgartenstr. 27<br \/>\n40227 D\u00fcsseldorf<\/p>\n<h2>Contacto:<\/h2>\n<p>Correio eletr\u00f3nico: info@bistrobadia.de<\/p>\n<h2>Respons\u00e1vel pelo conte\u00fado de acordo com o Sec. 55, par. 2 do Acordo Federal Alem\u00e3o de Radiodifus\u00e3o (RstV):<\/h2>\n<p>Rafik Halabi<br \/>\nVolksgartenstr. 27<br \/>\n40227 D\u00fcsseldorf<\/p>\n<h2>Resolu\u00e7\u00e3o de disputas<\/h2>\n<p>A Comiss\u00e3o Europeia fornece uma plataforma para a resolu\u00e7\u00e3o de lit\u00edgios em linha (OS):\u00a0<a href=\"https:\/\/ec.europa.eu\/consumers\/odr\" target=\"_blank\" rel=\"noopener noreferrer\">https:\/\/ec.europa.eu\/consumers\/odr<\/a>.<br \/>\nPor favor, encontre o nosso e-mail no impresso\/aviso legal.<\/p>\n<p>N\u00e3o participamos na resolu\u00e7\u00e3o de lit\u00edgios em linha nas comiss\u00f5es de arbitragem de consumidores.<\/p>\n<h3>Responsabilidade pelo conte\u00fado<\/h3>\n<p>Como fornecedores de servi\u00e7os, somos respons\u00e1veis pelo conte\u00fado pr\u00f3prio destes s\u00edtios Web de acordo com o Sec. 7, par\u00e1grafo 1 da Lei Alem\u00e3 de Telemedia (TMG). No entanto, de acordo com o Sec. 8 a 10 da Lei Alem\u00e3 de Telemedia (TMG), os prestadores de servi\u00e7os n\u00e3o s\u00e3o obrigados a monitorizar permanentemente as informa\u00e7\u00f5es submetidas ou armazenadas ou a procurar provas que indiquem actividades ilegais.<\/p>\n<p>As obriga\u00e7\u00f5es legais de remover informa\u00e7\u00e3o ou de bloquear a utiliza\u00e7\u00e3o da informa\u00e7\u00e3o permanecem incontestadas. Neste caso, a responsabilidade s\u00f3 \u00e9 poss\u00edvel no momento do conhecimento de uma viola\u00e7\u00e3o espec\u00edfica da lei. Os conte\u00fados ilegais ser\u00e3o removidos imediatamente no momento em que tivermos conhecimento dos mesmos.<\/p>\n<h3>Responsabilidade por liga\u00e7\u00f5es<\/h3>\n<p>A nossa oferta inclui links para websites externos de terceiros. N\u00e3o temos qualquer influ\u00eancia sobre o conte\u00fado desses s\u00edtios Web, pelo que n\u00e3o podemos garantir esses conte\u00fados. Os fornecedores ou administradores de s\u00edtios Web ligados s\u00e3o sempre respons\u00e1veis pelos seus pr\u00f3prios conte\u00fados.<\/p>\n<p>Os s\u00edtios Web ligados tinham sido verificados quanto a poss\u00edveis viola\u00e7\u00f5es da lei na altura do estabelecimento da liga\u00e7\u00e3o. Os conte\u00fados ilegais n\u00e3o foram detectados no momento da liga\u00e7\u00e3o. N\u00e3o pode ser imposta uma monitoriza\u00e7\u00e3o permanente do conte\u00fado dos websites ligados sem indica\u00e7\u00f5es razo\u00e1veis de que houve uma viola\u00e7\u00e3o da lei. As liga\u00e7\u00f5es ilegais ser\u00e3o removidas imediatamente no momento em que tivermos conhecimento delas.<\/p>\n<h3>Direitos de autor<\/h3>\n<p>Os conte\u00fados e compila\u00e7\u00f5es publicados nestes websites pelos fornecedores est\u00e3o sujeitos \u00e0s leis alem\u00e3s de direitos de autor. A reprodu\u00e7\u00e3o, edi\u00e7\u00e3o, distribui\u00e7\u00e3o, bem como a utiliza\u00e7\u00e3o de qualquer tipo fora do \u00e2mbito da lei de direitos de autor requerem uma autoriza\u00e7\u00e3o escrita do autor ou do autor. Os downloads e c\u00f3pias destes sites s\u00e3o permitidos apenas para uso privado.<br \/>\nA utiliza\u00e7\u00e3o comercial do nosso conte\u00fado sem autoriza\u00e7\u00e3o do autor \u00e9 proibida.<\/p>\n<p>As leis de direitos de autor de terceiros s\u00e3o respeitadas desde que o conte\u00fado destes s\u00edtios web n\u00e3o seja origin\u00e1rio do fornecedor. As contribui\u00e7\u00f5es de terceiros neste site s\u00e3o indicadas como tal. No entanto, se notar qualquer viola\u00e7\u00e3o da lei de direitos de autor, informe-nos por favor. Tais conte\u00fados ser\u00e3o removidos imediatamente.<\/p>\n<\/div>\n<\/div>\n<\/article>\n<\/div>\n<p><\/main><\/div>\n<\/div>\n<\/div>\n<footer id=\"colophon\" class=\"site-footer\" role=\"contentinfo\">\n<div class=\"site-footer-wrap\">\n<div class=\"site-top-footer-wrap site-footer-row-container site-footer-focus-item site-footer-row-layout-standard site-footer-row-tablet-layout-default site-footer-row-mobile-layout-default\" data-section=\"kadence_customizer_footer_top\">\n<div class=\"site-footer-row-container-inner\">\n<div class=\"site-container\">\n<div class=\"site-top-footer-inner-wrap site-footer-row site-footer-row-columns-3 site-footer-row-column-layout-equal site-footer-row-tablet-column-layout-default site-footer-row-mobile-column-layout-row ft-ro-dir-row ft-ro-collapse-normal ft-ro-t-dir-default ft-ro-m-dir-default ft-ro-lstyle-plain\">\n<div class=\"site-footer-top-section-1 site-footer-section footer-section-inner-items-0\"><\/div>\n<div class=\"site-footer-top-section-2 site-footer-section footer-section-inner-items-1\">\n<div class=\"footer-widget-area widget-area site-footer-focus-item footer-social content-align-center content-tablet-align-default content-mobile-align-default content-valign-top content-tablet-valign-default content-mobile-valign-default\" data-section=\"kadence_customizer_footer_social\">\n<div class=\"footer-widget-area-inner footer-social-inner\">\n<div class=\"footer-social-wrap\">\n<div class=\"footer-social-inner-wrap element-social-inner-wrap social-show-label-false social-style-filled\"><\/div>\n<\/div>\n<\/div>\n<\/div>\n<\/div>\n<\/div>\n<\/div>\n<\/div>\n<\/div>\n<\/div>\n<\/footer>\n","protected":false},"excerpt":{"rendered":"<p>Impress\u00e3o Informa\u00e7\u00e3o de acordo com \u00a7 5 TMG: Rafik Halabi Bistro Badia Volksgartenstr. 27 40227 D\u00fcsseldorf Contacto: Correio eletr\u00f3nico: info@bistrobadia.de Respons\u00e1vel pelo conte\u00fado de acordo com \u00a7 55 par. 2 RStV: Rafik Halabi Volksgartenstr. 27 40227 D\u00fcsseldorf Resolu\u00e7\u00e3o de disputas A Comiss\u00e3o Europeia fornece uma plataforma para a resolu\u00e7\u00e3o de lit\u00edgios em linha (ODR):\u00a0https:\/\/ec.europa.eu\/consumers\/odr. Pode&#8230;<\/p>\n","protected":false},"author":1,"featured_media":0,"parent":0,"menu_order":0,"comment_status":"closed","ping_status":"closed","template":"","meta":{"inline_featured_image":false,"wprm-recipe-roundup-name":"","wprm-recipe-roundup-description":"","_kad_blocks_custom_css":"","_kad_blocks_head_custom_js":"","_kad_blocks_body_custom_js":"","_kad_blocks_footer_custom_js":"","_kad_post_transparent":"","_kad_post_title":"","_kad_post_layout":"","_kad_post_sidebar_id":"","_kad_post_content_style":"","_kad_post_vertical_padding":"","_kad_post_feature":"","_kad_post_feature_position":"","_kad_post_header":false,"_kad_post_footer":false,"_kad_post_classname":"","footnotes":""},"class_list":["post-15170","page","type-page","status-publish","hentry"],"yoast_head":"<!-- This site is optimized with the Yoast SEO Premium plugin v27.3 (Yoast SEO v27.3) - https:\/\/yoast.com\/product\/yoast-seo-premium-wordpress\/ -->\n<title>Impress\u00e3o | Bistro Badia<\/title>\n<meta name=\"robots\" content=\"noindex, nofollow\" \/>\n<meta property=\"og:locale\" content=\"pt_PT\" \/>\n<meta property=\"og:type\" content=\"article\" \/>\n<meta property=\"og:title\" content=\"Impress\u00e3o\" \/>\n<meta property=\"og:description\" content=\"Impress\u00e3o Informa\u00e7\u00e3o de acordo com \u00a7 5 TMG: Rafik Halabi Bistro Badia Volksgartenstr. 27 40227 D\u00fcsseldorf Contacto: Correio eletr\u00f3nico: info@bistrobadia.de Respons\u00e1vel pelo conte\u00fado de acordo com \u00a7 55 par. 2 RStV: Rafik Halabi Volksgartenstr. 27 40227 D\u00fcsseldorf Resolu\u00e7\u00e3o de disputas A Comiss\u00e3o Europeia fornece uma plataforma para a resolu\u00e7\u00e3o de lit\u00edgios em linha (ODR):\u00a0https:\/\/ec.europa.eu\/consumers\/odr. Pode...\" \/>\n<meta property=\"og:url\" content=\"https:\/\/bistrobadia.de\/pt\/carimbo\/\" \/>\n<meta property=\"og:site_name\" content=\"Bistro Badia\" \/>\n<meta property=\"article:publisher\" content=\"https:\/\/www.facebook.com\/bistrobadia\" \/>\n<meta property=\"article:modified_time\" content=\"2024-01-09T09:18:45+00:00\" \/>\n<meta name=\"twitter:card\" content=\"summary_large_image\" \/>\n<meta name=\"twitter:label1\" content=\"Est. reading time\" \/>\n\t<meta name=\"twitter:data1\" content=\"5 minutes\" \/>\n<script type=\"application\/ld+json\" class=\"yoast-schema-graph\">{\"@context\":\"https:\\\/\\\/schema.org\",\"@graph\":[{\"@type\":\"WebPage\",\"@id\":\"https:\\\/\\\/bistrobadia.de\\\/pt\\\/carimbo\\\/\",\"url\":\"https:\\\/\\\/bistrobadia.de\\\/pt\\\/carimbo\\\/\",\"name\":\"Impress\u00e3o | Bistro Badia\",\"isPartOf\":{\"@id\":\"https:\\\/\\\/bistrobadia.de\\\/pt\\\/#website\"},\"datePublished\":\"2016-05-05T10:52:05+00:00\",\"dateModified\":\"2024-01-09T09:18:45+00:00\",\"breadcrumb\":{\"@id\":\"https:\\\/\\\/bistrobadia.de\\\/pt\\\/carimbo\\\/#breadcrumb\"},\"inLanguage\":\"pt\",\"potentialAction\":[{\"@type\":\"ReadAction\",\"target\":[\"https:\\\/\\\/bistrobadia.de\\\/pt\\\/carimbo\\\/\"]}]},{\"@type\":\"BreadcrumbList\",\"@id\":\"https:\\\/\\\/bistrobadia.de\\\/pt\\\/carimbo\\\/#breadcrumb\",\"itemListElement\":[{\"@type\":\"ListItem\",\"position\":1,\"name\":\"In\u00edcio\",\"item\":\"https:\\\/\\\/bistrobadia.de\\\/pt\\\/\"},{\"@type\":\"ListItem\",\"position\":2,\"name\":\"Impress\u00e3o\"}]},{\"@type\":\"WebSite\",\"@id\":\"https:\\\/\\\/bistrobadia.de\\\/pt\\\/#website\",\"url\":\"https:\\\/\\\/bistrobadia.de\\\/pt\\\/\",\"name\":\"Bistro Badia\",\"description\":\"Rezepte aus dem Libanon und der Levante\",\"publisher\":{\"@id\":\"https:\\\/\\\/bistrobadia.de\\\/pt\\\/#organization\"},\"potentialAction\":[{\"@type\":\"SearchAction\",\"target\":{\"@type\":\"EntryPoint\",\"urlTemplate\":\"https:\\\/\\\/bistrobadia.de\\\/pt\\\/?s={search_term_string}\"},\"query-input\":{\"@type\":\"PropertyValueSpecification\",\"valueRequired\":true,\"valueName\":\"search_term_string\"}}],\"inLanguage\":\"pt\"},{\"@type\":\"Organization\",\"@id\":\"https:\\\/\\\/bistrobadia.de\\\/pt\\\/#organization\",\"name\":\"Bistro Badia\",\"url\":\"https:\\\/\\\/bistrobadia.de\\\/pt\\\/\",\"logo\":{\"@type\":\"ImageObject\",\"inLanguage\":\"pt\",\"@id\":\"https:\\\/\\\/bistrobadia.de\\\/pt\\\/#\\\/schema\\\/logo\\\/image\\\/\",\"url\":\"https:\\\/\\\/bistrobadia.de\\\/wp-content\\\/uploads\\\/2016\\\/06\\\/kleines-logo-gr\u00fcn.jpg\",\"contentUrl\":\"https:\\\/\\\/bistrobadia.de\\\/wp-content\\\/uploads\\\/2016\\\/06\\\/kleines-logo-gr\u00fcn.jpg\",\"width\":2048,\"height\":1448,\"caption\":\"Bistro Badia\"},\"image\":{\"@id\":\"https:\\\/\\\/bistrobadia.de\\\/pt\\\/#\\\/schema\\\/logo\\\/image\\\/\"},\"sameAs\":[\"https:\\\/\\\/www.facebook.com\\\/bistrobadia\",\"https:\\\/\\\/www.instagram.com\\\/bistrobadia.de\\\/\",\"https:\\\/\\\/www.pinterest.de\\\/bistrobadia\\\/\"]}]}<\/script>\n<!-- \/ Yoast SEO Premium plugin. -->","yoast_head_json":{"title":"Impress\u00e3o | Bistro Badia","robots":{"index":"noindex","follow":"nofollow"},"og_locale":"pt_PT","og_type":"article","og_title":"Impress\u00e3o","og_description":"Impress\u00e3o Informa\u00e7\u00e3o de acordo com \u00a7 5 TMG: Rafik Halabi Bistro Badia Volksgartenstr. 27 40227 D\u00fcsseldorf Contacto: Correio eletr\u00f3nico: info@bistrobadia.de Respons\u00e1vel pelo conte\u00fado de acordo com \u00a7 55 par. 2 RStV: Rafik Halabi Volksgartenstr. 27 40227 D\u00fcsseldorf Resolu\u00e7\u00e3o de disputas A Comiss\u00e3o Europeia fornece uma plataforma para a resolu\u00e7\u00e3o de lit\u00edgios em linha (ODR):\u00a0https:\/\/ec.europa.eu\/consumers\/odr. Pode...","og_url":"https:\/\/bistrobadia.de\/pt\/carimbo\/","og_site_name":"Bistro Badia","article_publisher":"https:\/\/www.facebook.com\/bistrobadia","article_modified_time":"2024-01-09T09:18:45+00:00","twitter_card":"summary_large_image","twitter_misc":{"Est. reading time":"5 minutes"},"schema":{"@context":"https:\/\/schema.org","@graph":[{"@type":"WebPage","@id":"https:\/\/bistrobadia.de\/pt\/carimbo\/","url":"https:\/\/bistrobadia.de\/pt\/carimbo\/","name":"Impress\u00e3o | Bistro Badia","isPartOf":{"@id":"https:\/\/bistrobadia.de\/pt\/#website"},"datePublished":"2016-05-05T10:52:05+00:00","dateModified":"2024-01-09T09:18:45+00:00","breadcrumb":{"@id":"https:\/\/bistrobadia.de\/pt\/carimbo\/#breadcrumb"},"inLanguage":"pt","potentialAction":[{"@type":"ReadAction","target":["https:\/\/bistrobadia.de\/pt\/carimbo\/"]}]},{"@type":"BreadcrumbList","@id":"https:\/\/bistrobadia.de\/pt\/carimbo\/#breadcrumb","itemListElement":[{"@type":"ListItem","position":1,"name":"In\u00edcio","item":"https:\/\/bistrobadia.de\/pt\/"},{"@type":"ListItem","position":2,"name":"Impress\u00e3o"}]},{"@type":"WebSite","@id":"https:\/\/bistrobadia.de\/pt\/#website","url":"https:\/\/bistrobadia.de\/pt\/","name":"Bistro Badia","description":"Rezepte aus dem Libanon und der Levante","publisher":{"@id":"https:\/\/bistrobadia.de\/pt\/#organization"},"potentialAction":[{"@type":"SearchAction","target":{"@type":"EntryPoint","urlTemplate":"https:\/\/bistrobadia.de\/pt\/?s={search_term_string}"},"query-input":{"@type":"PropertyValueSpecification","valueRequired":true,"valueName":"search_term_string"}}],"inLanguage":"pt"},{"@type":"Organization","@id":"https:\/\/bistrobadia.de\/pt\/#organization","name":"Bistro Badia","url":"https:\/\/bistrobadia.de\/pt\/","logo":{"@type":"ImageObject","inLanguage":"pt","@id":"https:\/\/bistrobadia.de\/pt\/#\/schema\/logo\/image\/","url":"https:\/\/bistrobadia.de\/wp-content\/uploads\/2016\/06\/kleines-logo-gr\u00fcn.jpg","contentUrl":"https:\/\/bistrobadia.de\/wp-content\/uploads\/2016\/06\/kleines-logo-gr\u00fcn.jpg","width":2048,"height":1448,"caption":"Bistro Badia"},"image":{"@id":"https:\/\/bistrobadia.de\/pt\/#\/schema\/logo\/image\/"},"sameAs":["https:\/\/www.facebook.com\/bistrobadia","https:\/\/www.instagram.com\/bistrobadia.de\/","https:\/\/www.pinterest.de\/bistrobadia\/"]}]}},"taxonomy_info":[],"featured_image_src_large":false,"author_info":{"display_name":"Rafik Halabi","author_link":"https:\/\/bistrobadia.de\/pt\/author\/rafik\/"},"comment_info":0,"_links":{"self":[{"href":"https:\/\/bistrobadia.de\/pt\/wp-json\/wp\/v2\/pages\/15170","targetHints":{"allow":["GET"]}}],"collection":[{"href":"https:\/\/bistrobadia.de\/pt\/wp-json\/wp\/v2\/pages"}],"about":[{"href":"https:\/\/bistrobadia.de\/pt\/wp-json\/wp\/v2\/types\/page"}],"author":[{"embeddable":true,"href":"https:\/\/bistrobadia.de\/pt\/wp-json\/wp\/v2\/users\/1"}],"replies":[{"embeddable":true,"href":"https:\/\/bistrobadia.de\/pt\/wp-json\/wp\/v2\/comments?post=15170"}],"version-history":[{"count":0,"href":"https:\/\/bistrobadia.de\/pt\/wp-json\/wp\/v2\/pages\/15170\/revisions"}],"wp:attachment":[{"href":"https:\/\/bistrobadia.de\/pt\/wp-json\/wp\/v2\/media?parent=15170"}],"curies":[{"name":"wp","href":"https:\/\/api.w.org\/{rel}","templated":true}]}}