{"id":15257,"date":"2016-05-05T12:51:56","date_gmt":"2016-05-05T10:51:56","guid":{"rendered":"https:\/\/bistrobadia.de\/kontakt\/"},"modified":"2024-01-30T08:31:17","modified_gmt":"2024-01-30T07:31:17","slug":"contacto","status":"publish","type":"page","link":"https:\/\/bistrobadia.de\/pt\/contacto\/","title":{"rendered":"Contacto"},"content":{"rendered":"<style>.kb-row-layout-id15257_26ca66-71 > .kt-row-column-wrap{align-content:start;}:where(.kb-row-layout-id15257_26ca66-71 > .kt-row-column-wrap) > .wp-block-kadence-column{justify-content:start;}.kb-row-layout-id15257_26ca66-71 > .kt-row-column-wrap{column-gap:var(--global-kb-gap-md, 2rem);row-gap:var(--global-kb-gap-md, 2rem);padding-top:var(--global-kb-spacing-sm, 1.5rem);padding-bottom:var(--global-kb-spacing-sm, 1.5rem);}.kb-row-layout-id15257_26ca66-71 > .kt-row-column-wrap > div:not(.added-for-specificity){grid-column:initial;}.kb-row-layout-id15257_26ca66-71 > .kt-row-column-wrap{grid-template-columns:minmax(0, 1fr) minmax(0, 6fr) minmax(0, 1fr);}.kb-row-layout-id15257_26ca66-71 > .kt-row-layout-overlay{opacity:0.30;}@media all and (max-width: 1024px){.kb-row-layout-id15257_26ca66-71 > .kt-row-column-wrap > div:not(.added-for-specificity){grid-column:initial;}}@media all and (max-width: 1024px){.kb-row-layout-id15257_26ca66-71 > .kt-row-column-wrap{grid-template-columns:minmax(0, 1fr) minmax(0, 6fr) minmax(0, 1fr);}}@media all and (max-width: 767px){.kb-row-layout-id15257_26ca66-71 > .kt-row-column-wrap > div:not(.added-for-specificity){grid-column:initial;}.kb-row-layout-id15257_26ca66-71 > .kt-row-column-wrap{grid-template-columns:minmax(0, 1fr);}}<\/style><div class=\"kb-row-layout-wrap kb-row-layout-id15257_26ca66-71 alignnone wp-block-kadence-rowlayout\"><div class=\"kt-row-column-wrap kt-has-3-columns kt-row-layout-center-exwide kt-tab-layout-inherit kt-mobile-layout-row kt-row-valign-top\">\n<style>.kadence-column15257_8f8940-84 > .kt-inside-inner-col,.kadence-column15257_8f8940-84 > .kt-inside-inner-col:before{border-top-left-radius:0px;border-top-right-radius:0px;border-bottom-right-radius:0px;border-bottom-left-radius:0px;}.kadence-column15257_8f8940-84 > .kt-inside-inner-col{column-gap:var(--global-kb-gap-sm, 1rem);}.kadence-column15257_8f8940-84 > .kt-inside-inner-col{flex-direction:column;}.kadence-column15257_8f8940-84 > .kt-inside-inner-col > .aligncenter{width:100%;}.kadence-column15257_8f8940-84 > .kt-inside-inner-col:before{opacity:0.3;}.kadence-column15257_8f8940-84{position:relative;}@media all and (max-width: 1024px){.kadence-column15257_8f8940-84 > .kt-inside-inner-col{flex-direction:column;justify-content:center;}}@media all and (max-width: 767px){.kadence-column15257_8f8940-84 > .kt-inside-inner-col{flex-direction:column;justify-content:center;}}<\/style>\n<div class=\"wp-block-kadence-column kadence-column15257_8f8940-84 inner-column-1\"><div class=\"kt-inside-inner-col\"><\/div><\/div>\n\n\n<style>.kadence-column15257_65541d-8b > .kt-inside-inner-col,.kadence-column15257_65541d-8b > .kt-inside-inner-col:before{border-top-left-radius:0px;border-top-right-radius:0px;border-bottom-right-radius:0px;border-bottom-left-radius:0px;}.kadence-column15257_65541d-8b > .kt-inside-inner-col{column-gap:var(--global-kb-gap-sm, 1rem);}.kadence-column15257_65541d-8b > .kt-inside-inner-col{flex-direction:column;}.kadence-column15257_65541d-8b > .kt-inside-inner-col > .aligncenter{width:100%;}.kadence-column15257_65541d-8b > .kt-inside-inner-col:before{opacity:0.3;}.kadence-column15257_65541d-8b{position:relative;}@media all and (max-width: 1024px){.kadence-column15257_65541d-8b > .kt-inside-inner-col{flex-direction:column;justify-content:center;}}@media all and (max-width: 767px){.kadence-column15257_65541d-8b > .kt-inside-inner-col{flex-direction:column;justify-content:center;}}<\/style>\n<div class=\"wp-block-kadence-column kadence-column15257_65541d-8b inner-column-2\"><div class=\"kt-inside-inner-col\">\n<figure class=\"wp-block-pullquote is-style-plain\"><blockquote><p>Tem perguntas, feedback ou apenas quer dizer ol\u00e1? Ent\u00e3o aguardo com expectativa a sua resposta!<\/p><\/blockquote><\/figure>\n<\/div><\/div>\n\n\n<style>.kadence-column15257_be1bf3-cd > .kt-inside-inner-col,.kadence-column15257_be1bf3-cd > .kt-inside-inner-col:before{border-top-left-radius:0px;border-top-right-radius:0px;border-bottom-right-radius:0px;border-bottom-left-radius:0px;}.kadence-column15257_be1bf3-cd > .kt-inside-inner-col{column-gap:var(--global-kb-gap-sm, 1rem);}.kadence-column15257_be1bf3-cd > .kt-inside-inner-col{flex-direction:column;}.kadence-column15257_be1bf3-cd > .kt-inside-inner-col > .aligncenter{width:100%;}.kadence-column15257_be1bf3-cd > .kt-inside-inner-col:before{opacity:0.3;}.kadence-column15257_be1bf3-cd{position:relative;}@media all and (max-width: 1024px){.kadence-column15257_be1bf3-cd > .kt-inside-inner-col{flex-direction:column;justify-content:center;}}@media all and (max-width: 767px){.kadence-column15257_be1bf3-cd > .kt-inside-inner-col{flex-direction:column;justify-content:center;}}<\/style>\n<div class=\"wp-block-kadence-column kadence-column15257_be1bf3-cd inner-column-3\"><div class=\"kt-inside-inner-col\"><\/div><\/div>\n\n<\/div><\/div>\n\n<style>.kb-row-layout-id15257_4f121e-cb > .kt-row-column-wrap{align-content:start;}:where(.kb-row-layout-id15257_4f121e-cb > .kt-row-column-wrap) > .wp-block-kadence-column{justify-content:start;}.kb-row-layout-id15257_4f121e-cb > .kt-row-column-wrap{column-gap:var(--global-kb-gap-md, 2rem);row-gap:var(--global-kb-gap-md, 2rem);padding-top:var(--global-kb-spacing-sm, 1.5rem);padding-bottom:var(--global-kb-spacing-sm, 1.5rem);}.kb-row-layout-id15257_4f121e-cb > .kt-row-column-wrap > div:not(.added-for-specificity){grid-column:initial;}.kb-row-layout-id15257_4f121e-cb > .kt-row-column-wrap{grid-template-columns:minmax(0, 1fr) minmax(0, 6fr) minmax(0, 1fr);}.kb-row-layout-id15257_4f121e-cb > .kt-row-layout-overlay{opacity:0.30;}@media all and (max-width: 1024px){.kb-row-layout-id15257_4f121e-cb > .kt-row-column-wrap > div:not(.added-for-specificity){grid-column:initial;}}@media all and (max-width: 1024px){.kb-row-layout-id15257_4f121e-cb > .kt-row-column-wrap{grid-template-columns:minmax(0, 1fr) minmax(0, 6fr) minmax(0, 1fr);}}@media all and (max-width: 767px){.kb-row-layout-id15257_4f121e-cb > .kt-row-column-wrap > div:not(.added-for-specificity){grid-column:initial;}.kb-row-layout-id15257_4f121e-cb > .kt-row-column-wrap{grid-template-columns:minmax(0, 1fr);}}<\/style><div class=\"kb-row-layout-wrap kb-row-layout-id15257_4f121e-cb alignnone wp-block-kadence-rowlayout\"><div class=\"kt-row-column-wrap kt-has-3-columns kt-row-layout-center-exwide kt-tab-layout-inherit kt-mobile-layout-row kt-row-valign-top\">\n<style>.kadence-column15257_eeddd2-9a > .kt-inside-inner-col,.kadence-column15257_eeddd2-9a > .kt-inside-inner-col:before{border-top-left-radius:0px;border-top-right-radius:0px;border-bottom-right-radius:0px;border-bottom-left-radius:0px;}.kadence-column15257_eeddd2-9a > .kt-inside-inner-col{column-gap:var(--global-kb-gap-sm, 1rem);}.kadence-column15257_eeddd2-9a > .kt-inside-inner-col{flex-direction:column;}.kadence-column15257_eeddd2-9a > .kt-inside-inner-col > .aligncenter{width:100%;}.kadence-column15257_eeddd2-9a > .kt-inside-inner-col:before{opacity:0.3;}.kadence-column15257_eeddd2-9a{position:relative;}@media all and (max-width: 1024px){.kadence-column15257_eeddd2-9a > .kt-inside-inner-col{flex-direction:column;justify-content:center;}}@media all and (max-width: 767px){.kadence-column15257_eeddd2-9a > .kt-inside-inner-col{flex-direction:column;justify-content:center;}}<\/style>\n<div class=\"wp-block-kadence-column kadence-column15257_eeddd2-9a inner-column-1\"><div class=\"kt-inside-inner-col\"><\/div><\/div>\n\n\n<style>.kadence-column15257_d47fef-f7 > .kt-inside-inner-col,.kadence-column15257_d47fef-f7 > .kt-inside-inner-col:before{border-top-left-radius:0px;border-top-right-radius:0px;border-bottom-right-radius:0px;border-bottom-left-radius:0px;}.kadence-column15257_d47fef-f7 > .kt-inside-inner-col{column-gap:var(--global-kb-gap-sm, 1rem);}.kadence-column15257_d47fef-f7 > .kt-inside-inner-col{flex-direction:column;}.kadence-column15257_d47fef-f7 > .kt-inside-inner-col > .aligncenter{width:100%;}.kadence-column15257_d47fef-f7 > .kt-inside-inner-col:before{opacity:0.3;}.kadence-column15257_d47fef-f7{position:relative;}@media all and (max-width: 1024px){.kadence-column15257_d47fef-f7 > .kt-inside-inner-col{flex-direction:column;justify-content:center;}}@media all and (max-width: 767px){.kadence-column15257_d47fef-f7 > .kt-inside-inner-col{flex-direction:column;justify-content:center;}}<\/style>\n<div class=\"wp-block-kadence-column kadence-column15257_d47fef-f7 inner-column-2\"><div class=\"kt-inside-inner-col\">\n<div class=\"wp-block-contact-form-7-contact-form-selector\">\n<div class=\"wpcf7 no-js\" id=\"wpcf7-f31747-o1\" lang=\"de-DE\" dir=\"ltr\" data-wpcf7-id=\"31747\">\n<div class=\"screen-reader-response\"><p role=\"status\" aria-live=\"polite\" aria-atomic=\"true\"><\/p> <ul><\/ul><\/div>\n<form action=\"\/pt\/wp-json\/wp\/v2\/pages\/15257#wpcf7-f31747-o1\" method=\"post\" class=\"wpcf7-form init\" aria-label=\"Contact form\" novalidate=\"novalidate\" data-status=\"init\">\n<fieldset class=\"hidden-fields-container\"><input type=\"hidden\" name=\"_wpcf7\" value=\"31747\" \/><input type=\"hidden\" name=\"_wpcf7_version\" value=\"6.1.5\" \/><input type=\"hidden\" name=\"_wpcf7_locale\" value=\"de_DE\" \/><input type=\"hidden\" name=\"_wpcf7_unit_tag\" value=\"wpcf7-f31747-o1\" \/><input type=\"hidden\" name=\"_wpcf7_container_post\" value=\"0\" \/><input type=\"hidden\" name=\"_wpcf7_posted_data_hash\" value=\"\" \/>\n<\/fieldset>\n<p>O seu nome (campo obrigat\u00f3rio)\n<\/p>\n<p><span class=\"wpcf7-form-control-wrap\" data-name=\"your-name\"><input size=\"40\" maxlength=\"400\" class=\"wpcf7-form-control wpcf7-text wpcf7-validates-as-required\" aria-required=\"true\" aria-invalid=\"false\" value=\"\" type=\"text\" name=\"your-name\" \/><\/span>\n<\/p>\n<p>O seu endere\u00e7o de correio electr\u00f3nico (campo obrigat\u00f3rio)\n<\/p>\n<p><span class=\"wpcf7-form-control-wrap\" data-name=\"your-email\"><input size=\"40\" maxlength=\"400\" class=\"wpcf7-form-control wpcf7-email wpcf7-validates-as-required wpcf7-text wpcf7-validates-as-email\" aria-required=\"true\" aria-invalid=\"false\" value=\"\" type=\"email\" name=\"your-email\" \/><\/span>\n<\/p>\n<p>Assunto\n<\/p>\n<p><span class=\"wpcf7-form-control-wrap\" data-name=\"your-subject\"><input size=\"40\" maxlength=\"400\" class=\"wpcf7-form-control wpcf7-text\" aria-invalid=\"false\" value=\"\" type=\"text\" name=\"your-subject\" \/><\/span>\n<\/p>\n<p>A sua mensagem\n<\/p>\n<p><span class=\"wpcf7-form-control-wrap\" data-name=\"your-message\"><textarea cols=\"40\" rows=\"10\" maxlength=\"2000\" class=\"wpcf7-form-control wpcf7-textarea\" aria-invalid=\"false\" name=\"your-message\"><\/textarea><\/span>\n<\/p>\n<p><span class=\"wpcf7-form-control-wrap\" data-name=\"acceptance-592\"><span class=\"wpcf7-form-control wpcf7-acceptance\"><span class=\"wpcf7-list-item\"><label><input type=\"checkbox\" name=\"acceptance-592\" value=\"1\" aria-invalid=\"false\" \/><span class=\"wpcf7-list-item-label\">Consentimento necess\u00e1rio<\/span><\/label><\/span><\/span><\/span> Tomei nota da pol\u00edtica de privacidade. Autorizo que os meus detalhes e dados sejam recolhidos e armazenados electronicamente a fim de responder ao meu pedido de informa\u00e7\u00e3o. Nota: Pode revogar o seu consentimento para o futuro em qualquer altura, enviando um e-mail para info@bistrobadia.de.\n<\/p>\n<p><input class=\"wpcf7-form-control wpcf7-submit has-spinner\" type=\"submit\" value=\"Enviar\" \/>\n<\/p><div class=\"wpcf7-response-output\" aria-hidden=\"true\"><\/div>\n<\/form>\n<\/div>\n<\/div>\n<\/div><\/div>\n\n\n<style>.kadence-column15257_66a314-36 > .kt-inside-inner-col,.kadence-column15257_66a314-36 > .kt-inside-inner-col:before{border-top-left-radius:0px;border-top-right-radius:0px;border-bottom-right-radius:0px;border-bottom-left-radius:0px;}.kadence-column15257_66a314-36 > .kt-inside-inner-col{column-gap:var(--global-kb-gap-sm, 1rem);}.kadence-column15257_66a314-36 > .kt-inside-inner-col{flex-direction:column;}.kadence-column15257_66a314-36 > .kt-inside-inner-col > .aligncenter{width:100%;}.kadence-column15257_66a314-36 > .kt-inside-inner-col:before{opacity:0.3;}.kadence-column15257_66a314-36{position:relative;}@media all and (max-width: 1024px){.kadence-column15257_66a314-36 > .kt-inside-inner-col{flex-direction:column;justify-content:center;}}@media all and (max-width: 767px){.kadence-column15257_66a314-36 > .kt-inside-inner-col{flex-direction:column;justify-content:center;}}<\/style>\n<div class=\"wp-block-kadence-column kadence-column15257_66a314-36 inner-column-3\"><div class=\"kt-inside-inner-col\"><\/div><\/div>\n\n<\/div><\/div>","protected":false},"excerpt":{"rendered":"<p>Tem perguntas, feedback ou apenas quer dizer ol\u00e1? Ent\u00e3o aguardo com expectativa a sua resposta!<\/p>\n","protected":false},"author":1,"featured_media":0,"parent":0,"menu_order":0,"comment_status":"closed","ping_status":"closed","template":"","meta":{"inline_featured_image":false,"wprm-recipe-roundup-name":"","wprm-recipe-roundup-description":"","_kad_blocks_custom_css":"","_kad_blocks_head_custom_js":"","_kad_blocks_body_custom_js":"","_kad_blocks_footer_custom_js":"","_kad_post_transparent":"","_kad_post_title":"","_kad_post_layout":"","_kad_post_sidebar_id":"","_kad_post_content_style":"","_kad_post_vertical_padding":"","_kad_post_feature":"","_kad_post_feature_position":"","_kad_post_header":false,"_kad_post_footer":false,"_kad_post_classname":"","footnotes":""},"class_list":["post-15257","page","type-page","status-publish","hentry"],"yoast_head":"<!-- This site is optimized with the Yoast SEO Premium plugin v27.3 (Yoast SEO v27.3) - https:\/\/yoast.com\/product\/yoast-seo-premium-wordpress\/ -->\n<title>Contacto | Bistro Badia<\/title>\n<meta name=\"robots\" content=\"index, follow, max-snippet:-1, max-image-preview:large, max-video-preview:-1\" \/>\n<link rel=\"canonical\" href=\"https:\/\/bistrobadia.de\/pt\/contacto\/\" \/>\n<meta property=\"og:locale\" content=\"pt_PT\" \/>\n<meta property=\"og:type\" content=\"article\" \/>\n<meta property=\"og:title\" content=\"Contacto\" \/>\n<meta property=\"og:description\" content=\"Tem perguntas, feedback ou apenas quer dizer ol\u00e1? Ent\u00e3o aguardo com expectativa a sua resposta!\" \/>\n<meta property=\"og:url\" content=\"https:\/\/bistrobadia.de\/pt\/contacto\/\" \/>\n<meta property=\"og:site_name\" content=\"Bistro Badia\" \/>\n<meta property=\"article:publisher\" content=\"https:\/\/www.facebook.com\/bistrobadia\" \/>\n<meta property=\"article:modified_time\" content=\"2024-01-30T07:31:17+00:00\" \/>\n<meta name=\"twitter:card\" content=\"summary_large_image\" \/>\n<meta name=\"twitter:label1\" content=\"Est. reading time\" \/>\n\t<meta name=\"twitter:data1\" content=\"1 minute\" \/>\n<script type=\"application\/ld+json\" class=\"yoast-schema-graph\">{\"@context\":\"https:\\\/\\\/schema.org\",\"@graph\":[{\"@type\":\"WebPage\",\"@id\":\"https:\\\/\\\/bistrobadia.de\\\/pt\\\/contacto\\\/\",\"url\":\"https:\\\/\\\/bistrobadia.de\\\/pt\\\/contacto\\\/\",\"name\":\"Contacto | Bistro Badia\",\"isPartOf\":{\"@id\":\"https:\\\/\\\/bistrobadia.de\\\/pt\\\/#website\"},\"datePublished\":\"2016-05-05T10:51:56+00:00\",\"dateModified\":\"2024-01-30T07:31:17+00:00\",\"breadcrumb\":{\"@id\":\"https:\\\/\\\/bistrobadia.de\\\/pt\\\/contacto\\\/#breadcrumb\"},\"inLanguage\":\"pt\",\"potentialAction\":[{\"@type\":\"ReadAction\",\"target\":[\"https:\\\/\\\/bistrobadia.de\\\/pt\\\/contacto\\\/\"]}]},{\"@type\":\"BreadcrumbList\",\"@id\":\"https:\\\/\\\/bistrobadia.de\\\/pt\\\/contacto\\\/#breadcrumb\",\"itemListElement\":[{\"@type\":\"ListItem\",\"position\":1,\"name\":\"In\u00edcio\",\"item\":\"https:\\\/\\\/bistrobadia.de\\\/pt\\\/\"},{\"@type\":\"ListItem\",\"position\":2,\"name\":\"Contacto\"}]},{\"@type\":\"WebSite\",\"@id\":\"https:\\\/\\\/bistrobadia.de\\\/pt\\\/#website\",\"url\":\"https:\\\/\\\/bistrobadia.de\\\/pt\\\/\",\"name\":\"Bistro Badia\",\"description\":\"Rezepte aus dem Libanon und der Levante\",\"publisher\":{\"@id\":\"https:\\\/\\\/bistrobadia.de\\\/pt\\\/#organization\"},\"potentialAction\":[{\"@type\":\"SearchAction\",\"target\":{\"@type\":\"EntryPoint\",\"urlTemplate\":\"https:\\\/\\\/bistrobadia.de\\\/pt\\\/?s={search_term_string}\"},\"query-input\":{\"@type\":\"PropertyValueSpecification\",\"valueRequired\":true,\"valueName\":\"search_term_string\"}}],\"inLanguage\":\"pt\"},{\"@type\":\"Organization\",\"@id\":\"https:\\\/\\\/bistrobadia.de\\\/pt\\\/#organization\",\"name\":\"Bistro Badia\",\"url\":\"https:\\\/\\\/bistrobadia.de\\\/pt\\\/\",\"logo\":{\"@type\":\"ImageObject\",\"inLanguage\":\"pt\",\"@id\":\"https:\\\/\\\/bistrobadia.de\\\/pt\\\/#\\\/schema\\\/logo\\\/image\\\/\",\"url\":\"https:\\\/\\\/bistrobadia.de\\\/wp-content\\\/uploads\\\/2016\\\/06\\\/kleines-logo-gr\u00fcn.jpg\",\"contentUrl\":\"https:\\\/\\\/bistrobadia.de\\\/wp-content\\\/uploads\\\/2016\\\/06\\\/kleines-logo-gr\u00fcn.jpg\",\"width\":2048,\"height\":1448,\"caption\":\"Bistro Badia\"},\"image\":{\"@id\":\"https:\\\/\\\/bistrobadia.de\\\/pt\\\/#\\\/schema\\\/logo\\\/image\\\/\"},\"sameAs\":[\"https:\\\/\\\/www.facebook.com\\\/bistrobadia\",\"https:\\\/\\\/www.instagram.com\\\/bistrobadia.de\\\/\",\"https:\\\/\\\/www.pinterest.de\\\/bistrobadia\\\/\"]}]}<\/script>\n<!-- \/ Yoast SEO Premium plugin. -->","yoast_head_json":{"title":"Contacto | Bistro Badia","robots":{"index":"index","follow":"follow","max-snippet":"max-snippet:-1","max-image-preview":"max-image-preview:large","max-video-preview":"max-video-preview:-1"},"canonical":"https:\/\/bistrobadia.de\/pt\/contacto\/","og_locale":"pt_PT","og_type":"article","og_title":"Contacto","og_description":"Tem perguntas, feedback ou apenas quer dizer ol\u00e1? Ent\u00e3o aguardo com expectativa a sua resposta!","og_url":"https:\/\/bistrobadia.de\/pt\/contacto\/","og_site_name":"Bistro Badia","article_publisher":"https:\/\/www.facebook.com\/bistrobadia","article_modified_time":"2024-01-30T07:31:17+00:00","twitter_card":"summary_large_image","twitter_misc":{"Est. reading time":"1 minute"},"schema":{"@context":"https:\/\/schema.org","@graph":[{"@type":"WebPage","@id":"https:\/\/bistrobadia.de\/pt\/contacto\/","url":"https:\/\/bistrobadia.de\/pt\/contacto\/","name":"Contacto | Bistro Badia","isPartOf":{"@id":"https:\/\/bistrobadia.de\/pt\/#website"},"datePublished":"2016-05-05T10:51:56+00:00","dateModified":"2024-01-30T07:31:17+00:00","breadcrumb":{"@id":"https:\/\/bistrobadia.de\/pt\/contacto\/#breadcrumb"},"inLanguage":"pt","potentialAction":[{"@type":"ReadAction","target":["https:\/\/bistrobadia.de\/pt\/contacto\/"]}]},{"@type":"BreadcrumbList","@id":"https:\/\/bistrobadia.de\/pt\/contacto\/#breadcrumb","itemListElement":[{"@type":"ListItem","position":1,"name":"In\u00edcio","item":"https:\/\/bistrobadia.de\/pt\/"},{"@type":"ListItem","position":2,"name":"Contacto"}]},{"@type":"WebSite","@id":"https:\/\/bistrobadia.de\/pt\/#website","url":"https:\/\/bistrobadia.de\/pt\/","name":"Bistro Badia","description":"Rezepte aus dem Libanon und der Levante","publisher":{"@id":"https:\/\/bistrobadia.de\/pt\/#organization"},"potentialAction":[{"@type":"SearchAction","target":{"@type":"EntryPoint","urlTemplate":"https:\/\/bistrobadia.de\/pt\/?s={search_term_string}"},"query-input":{"@type":"PropertyValueSpecification","valueRequired":true,"valueName":"search_term_string"}}],"inLanguage":"pt"},{"@type":"Organization","@id":"https:\/\/bistrobadia.de\/pt\/#organization","name":"Bistro Badia","url":"https:\/\/bistrobadia.de\/pt\/","logo":{"@type":"ImageObject","inLanguage":"pt","@id":"https:\/\/bistrobadia.de\/pt\/#\/schema\/logo\/image\/","url":"https:\/\/bistrobadia.de\/wp-content\/uploads\/2016\/06\/kleines-logo-gr\u00fcn.jpg","contentUrl":"https:\/\/bistrobadia.de\/wp-content\/uploads\/2016\/06\/kleines-logo-gr\u00fcn.jpg","width":2048,"height":1448,"caption":"Bistro Badia"},"image":{"@id":"https:\/\/bistrobadia.de\/pt\/#\/schema\/logo\/image\/"},"sameAs":["https:\/\/www.facebook.com\/bistrobadia","https:\/\/www.instagram.com\/bistrobadia.de\/","https:\/\/www.pinterest.de\/bistrobadia\/"]}]}},"taxonomy_info":[],"featured_image_src_large":false,"author_info":{"display_name":"Rafik Halabi","author_link":"https:\/\/bistrobadia.de\/pt\/author\/rafik\/"},"comment_info":0,"_links":{"self":[{"href":"https:\/\/bistrobadia.de\/pt\/wp-json\/wp\/v2\/pages\/15257","targetHints":{"allow":["GET"]}}],"collection":[{"href":"https:\/\/bistrobadia.de\/pt\/wp-json\/wp\/v2\/pages"}],"about":[{"href":"https:\/\/bistrobadia.de\/pt\/wp-json\/wp\/v2\/types\/page"}],"author":[{"embeddable":true,"href":"https:\/\/bistrobadia.de\/pt\/wp-json\/wp\/v2\/users\/1"}],"replies":[{"embeddable":true,"href":"https:\/\/bistrobadia.de\/pt\/wp-json\/wp\/v2\/comments?post=15257"}],"version-history":[{"count":0,"href":"https:\/\/bistrobadia.de\/pt\/wp-json\/wp\/v2\/pages\/15257\/revisions"}],"wp:attachment":[{"href":"https:\/\/bistrobadia.de\/pt\/wp-json\/wp\/v2\/media?parent=15257"}],"curies":[{"name":"wp","href":"https:\/\/api.w.org\/{rel}","templated":true}]}}